{"id":14070,"date":"2025-01-06T14:21:07","date_gmt":"2025-01-06T14:21:07","guid":{"rendered":"https:\/\/b3group.lt\/?page_id=14070"},"modified":"2025-01-06T14:39:02","modified_gmt":"2025-01-06T14:39:02","slug":"cookie-policy","status":"publish","type":"page","link":"https:\/\/b3group.lt\/en\/cookie-policy\/","title":{"rendered":"Cookie Policy"},"content":{"rendered":"<style>\n    a.cky-banner-element {\n        padding: 8px 30px;\n        background: #F8F9FA;\n        color: #858A8F;\n        border: 1px solid #DEE2E6;\n        box-sizing: border-box;\n        border-radius: 2px;\n        cursor: pointer;\n}\n<\/style>\n<p>\n    Date of entry into force: 06 January 2025 <br>\n    Last updated: 06 January 2025\n<\/p>\n\n&nbsp;\n<h5>What is a cookie?<\/h5>\n<div class=\"cookie-policy-p\"><p>This Cookie Policy explains what cookies are and how we use them, the types of cookies we use, i.e. what information we collect through the use of cookies and how it is used, as well as how to manage your cookie settings.<\/p> <p> <p>Cookies are small text files used to store small pieces of information. They are stored on your device when a website is loaded into your browser. These cookies help us to ensure that the website works properly, to make it more secure, to provide a better user experience, to understand how the website works and to analyse what works and where improvements are needed.<\/p><\/div>\n\n&nbsp;\n<h5>How do we use cookies?<\/h5>\n<div class=\"cookie-policy-p\"><p>Like most online services, our website uses first-party and third-party cookies for several purposes. First-party cookies are mostly necessary for the website to function properly and do not collect any of your personal data.<\/p> <p> <p>Third party cookies used on our website are mainly used to understand how the website works, how you interact with our website, to ensure the security of our services, to provide you with relevant advertising, and generally to provide you with a better and more complete user experience and to help speed up your future interactions with our website.<\/p><\/div>\n\n&nbsp;\n    <h5>Cookies used<\/h5>\n\n    <div class=\"cky-audit-table-element\"><\/div>\n\n&nbsp;\n    <h5 style=\"margin-bottom:20px;\">Manage cookie options<\/h5>\n\n    <a class=\"cky-banner-element\">Cookie preferences<\/a><br>\n<br>\n\n    <div><p>You can change your cookie preferences at any time by clicking the button above. This will allow you to re-visit the cookie consent banner to change your preferences or withdraw your consent immediately.<\/p><p>In addition, different browsers provide different ways of blocking and deleting cookies used by websites. You can change your browser settings to block\/delete cookies. Below are links to supporting documents that tell you how to manage and delete cookies from the main internet browsers.<\/p><p>Chrome: <a href=\"https:\/\/support.google.com\/accounts\/answer\/32050\" rel=\"noopener noreferrer\" target=\"_blank\">https:\/\/support.google.com\/accounts\/answer\/32050<\/a><\/p><p>Safari: <a href=\"https:\/\/support.apple.com\/en-in\/guide\/safari\/sfri11471\/mac\" rel=\"noopener noreferrer\" target=\"_blank\">https:\/\/support.apple.com\/en-in\/guide\/safari\/sfri11471\/mac<\/a><\/p><p>Firefox: <a href=\"https:\/\/support.mozilla.org\/en-US\/kb\/clear-cookies-and-site-data-firefox?redirectslug=delete-cookies-remove-info-websites-stored&amp;redirectlocale=en-US\" rel=\"noopener noreferrer\" target=\"_blank\">https:\/\/support.mozilla.org\/en-US\/kb\/clear-cookies-and-site-data-firefox?redirectslug=delete-cookies-remove-info-websites-stored&amp;redirectlocale=en-US<\/a><\/p><p>Internet Explorer: <a href=\"https:\/\/support.microsoft.com\/en-us\/topic\/how-to-delete-cookie-files-in-internet-explorer-bca9446f-d873-78de-77ba-d42645fa52fc\" rel=\"noopener noreferrer\" target=\"_blank\">https:\/\/support.microsoft.com\/en-us\/topic\/how-to-delete-cookie-files-in-internet-explorer-bca9446f-d873-78de-77ba-d42645fa52fc<\/a><\/p><p>If you use any other web browser, please refer to the browser's official support documentation.<\/p><\/div>\n\n\n&nbsp;\n<p class=\"cookie-policy-p\">\n<\/p>","protected":false},"excerpt":{"rendered":"<p>\u012esigaliojimo data: 2025 sausio 06 d. Paskutin\u012f kart\u0105 atnaujinta: 2025 sausio 06 d. &nbsp; Kas yra slapukia? \u0160ioje slapuk\u0173 politikoje paai\u0161kinama, kas yra slapukai ir [&hellip;]<\/p>","protected":false},"author":1,"featured_media":0,"parent":0,"menu_order":0,"comment_status":"closed","ping_status":"closed","template":"","meta":{"content-type":"","site-sidebar-layout":"default","site-content-layout":"","ast-site-content-layout":"default","site-content-style":"default","site-sidebar-style":"default","ast-global-header-display":"","ast-banner-title-visibility":"","ast-main-header-display":"","ast-hfb-above-header-display":"","ast-hfb-below-header-display":"","ast-hfb-mobile-header-display":"","site-post-title":"","ast-breadcrumbs-content":"","ast-featured-img":"","footer-sml-layout":"","ast-disable-related-posts":"","theme-transparent-header-meta":"","adv-header-id-meta":"","stick-header-meta":"","header-above-stick-meta":"","header-main-stick-meta":"","header-below-stick-meta":"","astra-migrate-meta-layouts":"set","ast-page-background-enabled":"default","ast-page-background-meta":{"desktop":{"background-color":"var(--ast-global-color-4)","background-image":"","background-repeat":"repeat","background-position":"center center","background-size":"auto","background-attachment":"scroll","background-type":"","background-media":"","overlay-type":"","overlay-color":"","overlay-opacity":"","overlay-gradient":""},"tablet":{"background-color":"","background-image":"","background-repeat":"repeat","background-position":"center center","background-size":"auto","background-attachment":"scroll","background-type":"","background-media":"","overlay-type":"","overlay-color":"","overlay-opacity":"","overlay-gradient":""},"mobile":{"background-color":"","background-image":"","background-repeat":"repeat","background-position":"center center","background-size":"auto","background-attachment":"scroll","background-type":"","background-media":"","overlay-type":"","overlay-color":"","overlay-opacity":"","overlay-gradient":""}},"ast-content-background-meta":{"desktop":{"background-color":"var(--ast-global-color-5)","background-image":"","background-repeat":"repeat","background-position":"center center","background-size":"auto","background-attachment":"scroll","background-type":"","background-media":"","overlay-type":"","overlay-color":"","overlay-opacity":"","overlay-gradient":""},"tablet":{"background-color":"var(--ast-global-color-5)","background-image":"","background-repeat":"repeat","background-position":"center center","background-size":"auto","background-attachment":"scroll","background-type":"","background-media":"","overlay-type":"","overlay-color":"","overlay-opacity":"","overlay-gradient":""},"mobile":{"background-color":"var(--ast-global-color-5)","background-image":"","background-repeat":"repeat","background-position":"center center","background-size":"auto","background-attachment":"scroll","background-type":"","background-media":"","overlay-type":"","overlay-color":"","overlay-opacity":"","overlay-gradient":""}},"footnotes":""},"class_list":["post-14070","page","type-page","status-publish","hentry"],"_links":{"self":[{"href":"https:\/\/b3group.lt\/en\/wp-json\/wp\/v2\/pages\/14070","targetHints":{"allow":["GET"]}}],"collection":[{"href":"https:\/\/b3group.lt\/en\/wp-json\/wp\/v2\/pages"}],"about":[{"href":"https:\/\/b3group.lt\/en\/wp-json\/wp\/v2\/types\/page"}],"author":[{"embeddable":true,"href":"https:\/\/b3group.lt\/en\/wp-json\/wp\/v2\/users\/1"}],"replies":[{"embeddable":true,"href":"https:\/\/b3group.lt\/en\/wp-json\/wp\/v2\/comments?post=14070"}],"version-history":[{"count":0,"href":"https:\/\/b3group.lt\/en\/wp-json\/wp\/v2\/pages\/14070\/revisions"}],"wp:attachment":[{"href":"https:\/\/b3group.lt\/en\/wp-json\/wp\/v2\/media?parent=14070"}],"curies":[{"name":"wp","href":"https:\/\/api.w.org\/{rel}","templated":true}]}}