{"id":12507,"date":"2026-02-24T13:44:52","date_gmt":"2026-02-24T13:44:52","guid":{"rendered":"https:\/\/b3group.lt\/shop\/be-kategorijos\/corrugated-wiring-pipe-pp-rklf-40-34-25m\/"},"modified":"2026-02-24T13:44:52","modified_gmt":"2026-02-24T13:44:52","slug":"corrugated-wiring-pipe-pp-rklf-40-34-25m","status":"publish","type":"product","link":"https:\/\/b3group.lt\/en\/product\/corrugated-wiring-pipe-pp-rklf-40-34-25m\/","title":{"rendered":"Gofruotas laid\u0173 instaliacijos vamzdis PP RKLF 40\/34-25m"},"content":{"rendered":"<p>RKLF corrugated wiring conduit is a protective conduit for mechanical protection as well as for protection against moisture in downstream electrical installations. The appropriate cross-section makes the pipe flexible and maintains good mechanical strength (up to 320 N). The shape of the tube allows for use in hard-to-reach places, while allowing for the possibility of changing the wires.<br \/>\nIn addition, the RKLF pipe has a high tensile strength and provides easy cable entry over longer distances.<\/p>","protected":false},"excerpt":{"rendered":"<p>RKLF gofruotas instaliacijos vamzdis yra apsauginis vamzdis, skirtas mechaninei apsaugai, taip pat apsaugai nuo laid\u0173 dr\u0117gm\u0117s nuleid\u017eiamose elektros instaliacijose. D\u0117l tinkamo skerspj\u016bvio vamzdis yra lankstus, [&hellip;]<\/p>","protected":false},"featured_media":2988,"template":"","meta":{"content-type":"","site-sidebar-layout":"default","site-content-layout":"","ast-site-content-layout":"default","site-content-style":"default","site-sidebar-style":"default","ast-global-header-display":"","ast-banner-title-visibility":"","ast-main-header-display":"","ast-hfb-above-header-display":"","ast-hfb-below-header-display":"","ast-hfb-mobile-header-display":"","site-post-title":"","ast-breadcrumbs-content":"","ast-featured-img":"","footer-sml-layout":"","ast-disable-related-posts":"","theme-transparent-header-meta":"","adv-header-id-meta":"","stick-header-meta":"","header-above-stick-meta":"","header-main-stick-meta":"","header-below-stick-meta":"","astra-migrate-meta-layouts":"default","ast-page-background-enabled":"default","ast-page-background-meta":{"desktop":{"background-color":"var(--ast-global-color-4)","background-image":"","background-repeat":"repeat","background-position":"center center","background-size":"auto","background-attachment":"scroll","background-type":"","background-media":"","overlay-type":"","overlay-color":"","overlay-opacity":"","overlay-gradient":""},"tablet":{"background-color":"","background-image":"","background-repeat":"repeat","background-position":"center center","background-size":"auto","background-attachment":"scroll","background-type":"","background-media":"","overlay-type":"","overlay-color":"","overlay-opacity":"","overlay-gradient":""},"mobile":{"background-color":"","background-image":"","background-repeat":"repeat","background-position":"center center","background-size":"auto","background-attachment":"scroll","background-type":"","background-media":"","overlay-type":"","overlay-color":"","overlay-opacity":"","overlay-gradient":""}},"ast-content-background-meta":{"desktop":{"background-color":"var(--ast-global-color-5)","background-image":"","background-repeat":"repeat","background-position":"center center","background-size":"auto","background-attachment":"scroll","background-type":"","background-media":"","overlay-type":"","overlay-color":"","overlay-opacity":"","overlay-gradient":""},"tablet":{"background-color":"var(--ast-global-color-5)","background-image":"","background-repeat":"repeat","background-position":"center center","background-size":"auto","background-attachment":"scroll","background-type":"","background-media":"","overlay-type":"","overlay-color":"","overlay-opacity":"","overlay-gradient":""},"mobile":{"background-color":"var(--ast-global-color-5)","background-image":"","background-repeat":"repeat","background-position":"center center","background-size":"auto","background-attachment":"scroll","background-type":"","background-media":"","overlay-type":"","overlay-color":"","overlay-opacity":"","overlay-gradient":""}}},"product_brand":[],"product_cat":[226],"product_tag":[724],"class_list":{"0":"post-12507","1":"product","2":"type-product","3":"status-publish","4":"has-post-thumbnail","6":"product_cat-gofruoti-el-apsaugos-vamzdziai","7":"product_tag-tt-plast","8":"desktop-align-left","9":"tablet-align-left","10":"mobile-align-left","11":"ast-product-gallery-layout-vertical","12":"ast-product-gallery-with-no-image","13":"ast-magnify-disabled","14":"ast-product-tabs-layout-accordion","16":"first","17":"onbackorder","18":"taxable","19":"shipping-taxable","20":"purchasable","21":"product-type-simple"},"_links":{"self":[{"href":"https:\/\/b3group.lt\/en\/wp-json\/wp\/v2\/product\/12507","targetHints":{"allow":["GET"]}}],"collection":[{"href":"https:\/\/b3group.lt\/en\/wp-json\/wp\/v2\/product"}],"about":[{"href":"https:\/\/b3group.lt\/en\/wp-json\/wp\/v2\/types\/product"}],"wp:featuredmedia":[{"embeddable":true,"href":"https:\/\/b3group.lt\/en\/wp-json\/wp\/v2\/media\/2988"}],"wp:attachment":[{"href":"https:\/\/b3group.lt\/en\/wp-json\/wp\/v2\/media?parent=12507"}],"wp:term":[{"taxonomy":"product_brand","embeddable":true,"href":"https:\/\/b3group.lt\/en\/wp-json\/wp\/v2\/product_brand?post=12507"},{"taxonomy":"product_cat","embeddable":true,"href":"https:\/\/b3group.lt\/en\/wp-json\/wp\/v2\/product_cat?post=12507"},{"taxonomy":"product_tag","embeddable":true,"href":"https:\/\/b3group.lt\/en\/wp-json\/wp\/v2\/product_tag?post=12507"}],"curies":[{"name":"wp","href":"https:\/\/api.w.org\/{rel}","templated":true}]}}