{"id":12546,"date":"2026-02-24T13:45:45","date_gmt":"2026-02-24T13:45:45","guid":{"rendered":"https:\/\/b3group.lt\/shop\/be-kategorijos\/connector-for-corrugated-double-wall-pipes-zrd-50-20\/"},"modified":"2026-02-24T13:45:45","modified_gmt":"2026-02-24T13:45:45","slug":"connector-for-corrugated-double-wall-pipes-zrd-50-20","status":"publish","type":"product","link":"https:\/\/b3group.lt\/en\/product\/connector-for-corrugated-double-wall-pipes-zrd-50-20\/","title":{"rendered":"Connector for corrugated double wall pipes ZRD 50 (20)"},"content":{"rendered":"<p>ZDR jungtis skirta RODK, RODO, RODOH tip\u0173 dvigubiems gofruotiems vamzd\u017eiams ir ROD-VENT-V, ROD-VENT-VA, ROD-VENT-VX ventiliacijos kanalams sujungti. Jo tikslas \u2013 sukurti tvirt\u0105 ir atspari\u0105 jungties nutr\u016bkimui jungt\u012f, kuri apsaugo interjer\u0105 nuo:<\/p>","protected":false},"excerpt":{"rendered":"<p>ZDR jungtis skirta RODK, RODO, RODOH tip\u0173 dvigubiems gofruotiems vamzd\u017eiams ir ROD-VENT-V, ROD-VENT-VA, ROD-VENT-VX ventiliacijos kanalams sujungti. Jo tikslas \u2013 sukurti tvirt\u0105 ir atspari\u0105 jungties [&hellip;]<\/p>","protected":false},"featured_media":3843,"template":"","meta":{"content-type":"","site-sidebar-layout":"default","site-content-layout":"","ast-site-content-layout":"default","site-content-style":"default","site-sidebar-style":"default","ast-global-header-display":"","ast-banner-title-visibility":"","ast-main-header-display":"","ast-hfb-above-header-display":"","ast-hfb-below-header-display":"","ast-hfb-mobile-header-display":"","site-post-title":"","ast-breadcrumbs-content":"","ast-featured-img":"","footer-sml-layout":"","ast-disable-related-posts":"","theme-transparent-header-meta":"","adv-header-id-meta":"","stick-header-meta":"","header-above-stick-meta":"","header-main-stick-meta":"","header-below-stick-meta":"","astra-migrate-meta-layouts":"default","ast-page-background-enabled":"default","ast-page-background-meta":{"desktop":{"background-color":"var(--ast-global-color-4)","background-image":"","background-repeat":"repeat","background-position":"center center","background-size":"auto","background-attachment":"scroll","background-type":"","background-media":"","overlay-type":"","overlay-color":"","overlay-opacity":"","overlay-gradient":""},"tablet":{"background-color":"","background-image":"","background-repeat":"repeat","background-position":"center center","background-size":"auto","background-attachment":"scroll","background-type":"","background-media":"","overlay-type":"","overlay-color":"","overlay-opacity":"","overlay-gradient":""},"mobile":{"background-color":"","background-image":"","background-repeat":"repeat","background-position":"center center","background-size":"auto","background-attachment":"scroll","background-type":"","background-media":"","overlay-type":"","overlay-color":"","overlay-opacity":"","overlay-gradient":""}},"ast-content-background-meta":{"desktop":{"background-color":"var(--ast-global-color-5)","background-image":"","background-repeat":"repeat","background-position":"center center","background-size":"auto","background-attachment":"scroll","background-type":"","background-media":"","overlay-type":"","overlay-color":"","overlay-opacity":"","overlay-gradient":""},"tablet":{"background-color":"var(--ast-global-color-5)","background-image":"","background-repeat":"repeat","background-position":"center center","background-size":"auto","background-attachment":"scroll","background-type":"","background-media":"","overlay-type":"","overlay-color":"","overlay-opacity":"","overlay-gradient":""},"mobile":{"background-color":"var(--ast-global-color-5)","background-image":"","background-repeat":"repeat","background-position":"center center","background-size":"auto","background-attachment":"scroll","background-type":"","background-media":"","overlay-type":"","overlay-color":"","overlay-opacity":"","overlay-gradient":""}}},"product_brand":[],"product_cat":[229],"product_tag":[724],"class_list":{"0":"post-12546","1":"product","2":"type-product","3":"status-publish","4":"has-post-thumbnail","6":"product_cat-jungtys-kabelio-apsaugai","7":"product_tag-tt-plast","8":"desktop-align-left","9":"tablet-align-left","10":"mobile-align-left","11":"ast-product-gallery-layout-vertical","12":"ast-product-gallery-with-no-image","13":"ast-magnify-disabled","14":"ast-product-tabs-layout-accordion","16":"first","17":"onbackorder","18":"taxable","19":"shipping-taxable","20":"purchasable","21":"product-type-simple"},"_links":{"self":[{"href":"https:\/\/b3group.lt\/en\/wp-json\/wp\/v2\/product\/12546","targetHints":{"allow":["GET"]}}],"collection":[{"href":"https:\/\/b3group.lt\/en\/wp-json\/wp\/v2\/product"}],"about":[{"href":"https:\/\/b3group.lt\/en\/wp-json\/wp\/v2\/types\/product"}],"wp:featuredmedia":[{"embeddable":true,"href":"https:\/\/b3group.lt\/en\/wp-json\/wp\/v2\/media\/3843"}],"wp:attachment":[{"href":"https:\/\/b3group.lt\/en\/wp-json\/wp\/v2\/media?parent=12546"}],"wp:term":[{"taxonomy":"product_brand","embeddable":true,"href":"https:\/\/b3group.lt\/en\/wp-json\/wp\/v2\/product_brand?post=12546"},{"taxonomy":"product_cat","embeddable":true,"href":"https:\/\/b3group.lt\/en\/wp-json\/wp\/v2\/product_cat?post=12546"},{"taxonomy":"product_tag","embeddable":true,"href":"https:\/\/b3group.lt\/en\/wp-json\/wp\/v2\/product_tag?post=12546"}],"curies":[{"name":"wp","href":"https:\/\/api.w.org\/{rel}","templated":true}]}}