{"id":12708,"date":"2026-02-24T13:49:38","date_gmt":"2026-02-24T13:49:38","guid":{"rendered":"https:\/\/b3group.lt\/shop\/be-kategorijos\/rigid-casing-pipe-for-ramming-and-drilling-colour-ros-zk-rhdpep-200-182-12m-blue-14-pcs-pallet\/"},"modified":"2026-02-24T13:49:38","modified_gmt":"2026-02-24T13:49:38","slug":"rigid-casing-pipe-for-ramming-and-drilling-colour-ros-zk-rhdpep-200-182-12m-blue-14-pcs-pallet","status":"publish","type":"product","link":"https:\/\/b3group.lt\/en\/product\/rigid-casing-pipe-for-ramming-and-drilling-colour-ros-zk-rhdpep-200-182-12m-blue-14-pcs-pallet\/","title":{"rendered":"Tvirtas korpuso vamzdis kalimui ir gr\u0119\u017eimui, spalva ROS-Zk (RHDPEp) 200\/18,2-12m M\u0116LYNAS (14 Vnt.\/PALET\u0116JE)"},"content":{"rendered":"<p>ROS-Zk (RHDPEp) tunnelling and drilling protection tubes are smooth-walled tubes for directional drilling, welded joints or ZROS, ZSROS joints. They are available as standard in 6 m and 12 m sections in the colours RED and BLUE on the outside and BLACK on the inside.<\/p>","protected":false},"excerpt":{"rendered":"<p>Apsauginiai vamzd\u017eiai tuneliavimui ir gr\u0119\u017eimui ROS-Zk (RHDPEp) yra lygiasieniai vamzd\u017eiai, skirti kryptiniam gr\u0119\u017eimui, sujungimui suvirinant arba naudojant ZROS, ZSROS jungtis. Standarti\u0161kai jie atliekami 6 m [&hellip;]<\/p>","protected":false},"featured_media":3485,"template":"","meta":{"content-type":"","site-sidebar-layout":"","site-content-layout":"","ast-site-content-layout":"","site-content-style":"","site-sidebar-style":"","ast-global-header-display":"","ast-banner-title-visibility":"","ast-main-header-display":"","ast-hfb-above-header-display":"","ast-hfb-below-header-display":"","ast-hfb-mobile-header-display":"","site-post-title":"","ast-breadcrumbs-content":"","ast-featured-img":"","footer-sml-layout":"","ast-disable-related-posts":"","theme-transparent-header-meta":"","adv-header-id-meta":"","stick-header-meta":"","header-above-stick-meta":"","header-main-stick-meta":"","header-below-stick-meta":"","astra-migrate-meta-layouts":"","ast-page-background-enabled":"default","ast-page-background-meta":{"desktop":{"background-color":"var(--ast-global-color-4)","background-image":"","background-repeat":"repeat","background-position":"center center","background-size":"auto","background-attachment":"scroll","background-type":"","background-media":"","overlay-type":"","overlay-color":"","overlay-opacity":"","overlay-gradient":""},"tablet":{"background-color":"","background-image":"","background-repeat":"repeat","background-position":"center center","background-size":"auto","background-attachment":"scroll","background-type":"","background-media":"","overlay-type":"","overlay-color":"","overlay-opacity":"","overlay-gradient":""},"mobile":{"background-color":"","background-image":"","background-repeat":"repeat","background-position":"center center","background-size":"auto","background-attachment":"scroll","background-type":"","background-media":"","overlay-type":"","overlay-color":"","overlay-opacity":"","overlay-gradient":""}},"ast-content-background-meta":{"desktop":{"background-color":"var(--ast-global-color-5)","background-image":"","background-repeat":"repeat","background-position":"center center","background-size":"auto","background-attachment":"scroll","background-type":"","background-media":"","overlay-type":"","overlay-color":"","overlay-opacity":"","overlay-gradient":""},"tablet":{"background-color":"var(--ast-global-color-5)","background-image":"","background-repeat":"repeat","background-position":"center center","background-size":"auto","background-attachment":"scroll","background-type":"","background-media":"","overlay-type":"","overlay-color":"","overlay-opacity":"","overlay-gradient":""},"mobile":{"background-color":"var(--ast-global-color-5)","background-image":"","background-repeat":"repeat","background-position":"center center","background-size":"auto","background-attachment":"scroll","background-type":"","background-media":"","overlay-type":"","overlay-color":"","overlay-opacity":"","overlay-gradient":""}}},"product_brand":[],"product_cat":[42],"product_tag":[724],"class_list":{"0":"post-12708","1":"product","2":"type-product","3":"status-publish","4":"has-post-thumbnail","6":"product_cat-korpusiniai-vamzdziai-kalimui-ir-grezimui","7":"product_tag-tt-plast","8":"desktop-align-left","9":"tablet-align-left","10":"mobile-align-left","11":"ast-product-gallery-layout-vertical","12":"ast-product-gallery-with-no-image","13":"ast-magnify-disabled","14":"ast-product-tabs-layout-accordion","16":"first","17":"onbackorder","18":"taxable","19":"shipping-taxable","20":"purchasable","21":"product-type-simple"},"_links":{"self":[{"href":"https:\/\/b3group.lt\/en\/wp-json\/wp\/v2\/product\/12708","targetHints":{"allow":["GET"]}}],"collection":[{"href":"https:\/\/b3group.lt\/en\/wp-json\/wp\/v2\/product"}],"about":[{"href":"https:\/\/b3group.lt\/en\/wp-json\/wp\/v2\/types\/product"}],"wp:featuredmedia":[{"embeddable":true,"href":"https:\/\/b3group.lt\/en\/wp-json\/wp\/v2\/media\/3485"}],"wp:attachment":[{"href":"https:\/\/b3group.lt\/en\/wp-json\/wp\/v2\/media?parent=12708"}],"wp:term":[{"taxonomy":"product_brand","embeddable":true,"href":"https:\/\/b3group.lt\/en\/wp-json\/wp\/v2\/product_brand?post=12708"},{"taxonomy":"product_cat","embeddable":true,"href":"https:\/\/b3group.lt\/en\/wp-json\/wp\/v2\/product_cat?post=12708"},{"taxonomy":"product_tag","embeddable":true,"href":"https:\/\/b3group.lt\/en\/wp-json\/wp\/v2\/product_tag?post=12708"}],"curies":[{"name":"wp","href":"https:\/\/api.w.org\/{rel}","templated":true}]}}