{"id":12778,"date":"2026-02-24T13:51:21","date_gmt":"2026-02-24T13:51:21","guid":{"rendered":"https:\/\/b3group.lt\/shop\/be-kategorijos\/protective-rigid-pipe-with-a-socket-ros-m-rhdpe-110-55-blue-50-pcs-pallet\/"},"modified":"2026-02-24T13:51:21","modified_gmt":"2026-02-24T13:51:21","slug":"protective-rigid-pipe-with-a-socket-ros-m-rhdpe-110-55-blue-50-pcs-pallet","status":"publish","type":"product","link":"https:\/\/b3group.lt\/en\/product\/protective-rigid-pipe-with-a-socket-ros-m-rhdpe-110-55-blue-50-pcs-pallet\/","title":{"rendered":"Protective rigid pipe with socket ROS-M (RHDPE) 110\/5,5 BLUE (50 VNT\/PALETTE)"},"content":{"rendered":"<p>The ROS-M rigid protection tubes are designed to protect cables in heavy soil conditions under maximum transport loads. ROS-M tubes are smooth-walled... As standard, they are available in 6 m sections in the colours RED and BLUE on the outside, BLACK on the inside.<\/p>","protected":false},"excerpt":{"rendered":"<p>Stand\u016bs apsauginiai vamzd\u017eiai ROS-M skirti kabeli\u0173 apsaugai sunkiomis grunto s\u0105lygomis esant maksimaliai transportavimo apkrovai. ROS-M vamzd\u017eiai yra lygiasieniai.. Standarti\u0161kai jie atliekami 6 m atkarpomis, spalvomis: [&hellip;]<\/p>","protected":false},"featured_media":3421,"template":"","meta":{"content-type":"","site-sidebar-layout":"","site-content-layout":"","ast-site-content-layout":"","site-content-style":"","site-sidebar-style":"","ast-global-header-display":"","ast-banner-title-visibility":"","ast-main-header-display":"","ast-hfb-above-header-display":"","ast-hfb-below-header-display":"","ast-hfb-mobile-header-display":"","site-post-title":"","ast-breadcrumbs-content":"","ast-featured-img":"","footer-sml-layout":"","ast-disable-related-posts":"","theme-transparent-header-meta":"","adv-header-id-meta":"","stick-header-meta":"","header-above-stick-meta":"","header-main-stick-meta":"","header-below-stick-meta":"","astra-migrate-meta-layouts":"","ast-page-background-enabled":"default","ast-page-background-meta":{"desktop":{"background-color":"var(--ast-global-color-4)","background-image":"","background-repeat":"repeat","background-position":"center center","background-size":"auto","background-attachment":"scroll","background-type":"","background-media":"","overlay-type":"","overlay-color":"","overlay-opacity":"","overlay-gradient":""},"tablet":{"background-color":"","background-image":"","background-repeat":"repeat","background-position":"center center","background-size":"auto","background-attachment":"scroll","background-type":"","background-media":"","overlay-type":"","overlay-color":"","overlay-opacity":"","overlay-gradient":""},"mobile":{"background-color":"","background-image":"","background-repeat":"repeat","background-position":"center center","background-size":"auto","background-attachment":"scroll","background-type":"","background-media":"","overlay-type":"","overlay-color":"","overlay-opacity":"","overlay-gradient":""}},"ast-content-background-meta":{"desktop":{"background-color":"var(--ast-global-color-5)","background-image":"","background-repeat":"repeat","background-position":"center center","background-size":"auto","background-attachment":"scroll","background-type":"","background-media":"","overlay-type":"","overlay-color":"","overlay-opacity":"","overlay-gradient":""},"tablet":{"background-color":"var(--ast-global-color-5)","background-image":"","background-repeat":"repeat","background-position":"center center","background-size":"auto","background-attachment":"scroll","background-type":"","background-media":"","overlay-type":"","overlay-color":"","overlay-opacity":"","overlay-gradient":""},"mobile":{"background-color":"var(--ast-global-color-5)","background-image":"","background-repeat":"repeat","background-position":"center center","background-size":"auto","background-attachment":"scroll","background-type":"","background-media":"","overlay-type":"","overlay-color":"","overlay-opacity":"","overlay-gradient":""}}},"product_brand":[],"product_cat":[37],"product_tag":[724],"class_list":{"0":"post-12778","1":"product","2":"type-product","3":"status-publish","4":"has-post-thumbnail","6":"product_cat-standus-vamzdziai-su-jungtimi-strypuose","7":"product_tag-tt-plast","8":"desktop-align-left","9":"tablet-align-left","10":"mobile-align-left","11":"ast-product-gallery-layout-vertical","12":"ast-product-gallery-with-no-image","13":"ast-magnify-disabled","14":"ast-product-tabs-layout-accordion","16":"first","17":"onbackorder","18":"taxable","19":"shipping-taxable","20":"purchasable","21":"product-type-simple"},"_links":{"self":[{"href":"https:\/\/b3group.lt\/en\/wp-json\/wp\/v2\/product\/12778","targetHints":{"allow":["GET"]}}],"collection":[{"href":"https:\/\/b3group.lt\/en\/wp-json\/wp\/v2\/product"}],"about":[{"href":"https:\/\/b3group.lt\/en\/wp-json\/wp\/v2\/types\/product"}],"wp:featuredmedia":[{"embeddable":true,"href":"https:\/\/b3group.lt\/en\/wp-json\/wp\/v2\/media\/3421"}],"wp:attachment":[{"href":"https:\/\/b3group.lt\/en\/wp-json\/wp\/v2\/media?parent=12778"}],"wp:term":[{"taxonomy":"product_brand","embeddable":true,"href":"https:\/\/b3group.lt\/en\/wp-json\/wp\/v2\/product_brand?post=12778"},{"taxonomy":"product_cat","embeddable":true,"href":"https:\/\/b3group.lt\/en\/wp-json\/wp\/v2\/product_cat?post=12778"},{"taxonomy":"product_tag","embeddable":true,"href":"https:\/\/b3group.lt\/en\/wp-json\/wp\/v2\/product_tag?post=12778"}],"curies":[{"name":"wp","href":"https:\/\/api.w.org\/{rel}","templated":true}]}}