{"id":12880,"date":"2026-02-24T14:05:49","date_gmt":"2026-02-24T14:05:49","guid":{"rendered":"https:\/\/b3group.lt\/shop\/be-kategorijos\/rigid-wiring-pipe-with-a-socket-pvc-320n-rl-m-13-2m-40\/"},"modified":"2026-02-24T14:05:49","modified_gmt":"2026-02-24T14:05:49","slug":"rigid-wiring-pipe-with-a-socket-pvc-320n-rl-m-13-2m-40","status":"publish","type":"product","link":"https:\/\/b3group.lt\/en\/product\/rigid-wiring-pipe-with-a-socket-pvc-320n-rl-m-13-2m-40\/","title":{"rendered":"Rigid conduit with socket PVC 320N RL-M 13-2m (40)"},"content":{"rendered":"<p>Stand\u016bs laid\u0173 vamzd\u017eiai su ki\u0161tukiniu lizdu naudojami elektros instaliacijos paskirstymui ir apsaugai prie\u0161sienin\u0117se instaliacijose tiek pastato i\u0161or\u0117je, tiek viduje.<br \/>\nDidelis vamzd\u017ei\u0173 tvirtumas u\u017etikrina pakankam\u0105 mechanin\u0119 viduje vedam\u0173 laid\u0173 apsaug\u0105.<br \/>\nDidelis apdirbimo tikslumas ir vamzd\u017eio galas su lizdu leid\u017eia lengvai ir greitai surinkti instaliacij\u0105.<br \/>\n\u0160iuolaikin\u0117s gamybos technologijos kartu su auk\u0161\u010diausios kokyb\u0117s med\u017eiagomis RL-M vamzd\u017eiai pasi\u017eymi didesniu patvarumu ir spalvos stabilumu net ir esant nuolatiniam UV spinduli\u0173 poveikiui vidutinio klimato s\u0105lygomis.<\/p>","protected":false},"excerpt":{"rendered":"<p>Stand\u016bs laid\u0173 vamzd\u017eiai su ki\u0161tukiniu lizdu naudojami elektros instaliacijos paskirstymui ir apsaugai prie\u0161sienin\u0117se instaliacijose tiek pastato i\u0161or\u0117je, tiek viduje. Didelis vamzd\u017ei\u0173 tvirtumas u\u017etikrina pakankam\u0105 mechanin\u0119 [&hellip;]<\/p>","protected":false},"featured_media":3315,"template":"","meta":{"content-type":"","site-sidebar-layout":"","site-content-layout":"","ast-site-content-layout":"","site-content-style":"","site-sidebar-style":"","ast-global-header-display":"","ast-banner-title-visibility":"","ast-main-header-display":"","ast-hfb-above-header-display":"","ast-hfb-below-header-display":"","ast-hfb-mobile-header-display":"","site-post-title":"","ast-breadcrumbs-content":"","ast-featured-img":"","footer-sml-layout":"","ast-disable-related-posts":"","theme-transparent-header-meta":"","adv-header-id-meta":"","stick-header-meta":"","header-above-stick-meta":"","header-main-stick-meta":"","header-below-stick-meta":"","astra-migrate-meta-layouts":"","ast-page-background-enabled":"default","ast-page-background-meta":{"desktop":{"background-color":"var(--ast-global-color-4)","background-image":"","background-repeat":"repeat","background-position":"center center","background-size":"auto","background-attachment":"scroll","background-type":"","background-media":"","overlay-type":"","overlay-color":"","overlay-opacity":"","overlay-gradient":""},"tablet":{"background-color":"","background-image":"","background-repeat":"repeat","background-position":"center center","background-size":"auto","background-attachment":"scroll","background-type":"","background-media":"","overlay-type":"","overlay-color":"","overlay-opacity":"","overlay-gradient":""},"mobile":{"background-color":"","background-image":"","background-repeat":"repeat","background-position":"center center","background-size":"auto","background-attachment":"scroll","background-type":"","background-media":"","overlay-type":"","overlay-color":"","overlay-opacity":"","overlay-gradient":""}},"ast-content-background-meta":{"desktop":{"background-color":"var(--ast-global-color-5)","background-image":"","background-repeat":"repeat","background-position":"center center","background-size":"auto","background-attachment":"scroll","background-type":"","background-media":"","overlay-type":"","overlay-color":"","overlay-opacity":"","overlay-gradient":""},"tablet":{"background-color":"var(--ast-global-color-5)","background-image":"","background-repeat":"repeat","background-position":"center center","background-size":"auto","background-attachment":"scroll","background-type":"","background-media":"","overlay-type":"","overlay-color":"","overlay-opacity":"","overlay-gradient":""},"mobile":{"background-color":"var(--ast-global-color-5)","background-image":"","background-repeat":"repeat","background-position":"center center","background-size":"auto","background-attachment":"scroll","background-type":"","background-media":"","overlay-type":"","overlay-color":"","overlay-opacity":"","overlay-gradient":""}}},"product_brand":[],"product_cat":[228],"product_tag":[724],"class_list":{"0":"post-12880","1":"product","2":"type-product","3":"status-publish","4":"has-post-thumbnail","6":"product_cat-vidaus-el-kabelio-apsaugos-su-kompensaciniu-lizdu","7":"product_tag-tt-plast","8":"desktop-align-left","9":"tablet-align-left","10":"mobile-align-left","11":"ast-product-gallery-layout-vertical","12":"ast-product-gallery-with-no-image","13":"ast-magnify-disabled","14":"ast-product-tabs-layout-accordion","16":"first","17":"onbackorder","18":"taxable","19":"shipping-taxable","20":"purchasable","21":"product-type-simple"},"_links":{"self":[{"href":"https:\/\/b3group.lt\/en\/wp-json\/wp\/v2\/product\/12880","targetHints":{"allow":["GET"]}}],"collection":[{"href":"https:\/\/b3group.lt\/en\/wp-json\/wp\/v2\/product"}],"about":[{"href":"https:\/\/b3group.lt\/en\/wp-json\/wp\/v2\/types\/product"}],"wp:featuredmedia":[{"embeddable":true,"href":"https:\/\/b3group.lt\/en\/wp-json\/wp\/v2\/media\/3315"}],"wp:attachment":[{"href":"https:\/\/b3group.lt\/en\/wp-json\/wp\/v2\/media?parent=12880"}],"wp:term":[{"taxonomy":"product_brand","embeddable":true,"href":"https:\/\/b3group.lt\/en\/wp-json\/wp\/v2\/product_brand?post=12880"},{"taxonomy":"product_cat","embeddable":true,"href":"https:\/\/b3group.lt\/en\/wp-json\/wp\/v2\/product_cat?post=12880"},{"taxonomy":"product_tag","embeddable":true,"href":"https:\/\/b3group.lt\/en\/wp-json\/wp\/v2\/product_tag?post=12880"}],"curies":[{"name":"wp","href":"https:\/\/api.w.org\/{rel}","templated":true}]}}