{"id":12926,"date":"2026-02-24T14:06:57","date_gmt":"2026-02-24T14:06:57","guid":{"rendered":"https:\/\/b3group.lt\/shop\/be-kategorijos\/rigid-wiring-pipe-pvc-320n-rl-13-3m-40\/"},"modified":"2026-02-24T14:06:57","modified_gmt":"2026-02-24T14:06:57","slug":"rigid-wiring-pipe-pvc-320n-rl-13-3m-40","status":"publish","type":"product","link":"https:\/\/b3group.lt\/en\/product\/rigid-wiring-pipe-pvc-320n-rl-13-3m-40\/","title":{"rendered":"PVC 320N RL 13-3m (40)"},"content":{"rendered":"<p>RS rigid conduits are used for the distribution and protection of electrical wiring in the installation of a wall, both inside and outside a building. The possibility to choose the right resistance allows optimum adaptation to the specific installation conditions and requirements. The high strength of the pipes ensures adequate mechanical protection for the wiring inside. The high precision of operation allows for easy and quick assembly of the installation. Modern operating technologies combined with the original raw material mean that RS tubes have greater colour fastness and stability, even in the face of continuous exposure to sunlight (UV). The smooth surface makes it much easier to keep the pipes clean.<\/p>","protected":false},"excerpt":{"rendered":"<p>RS standieji vamzd\u017eiai skirti elektros instaliacijos paskirstymui ir apsaugai \u012frengiant sien\u0105 tiek pastato i\u0161or\u0117je, tiek viduje. Galimyb\u0117 pasirinkti tinkam\u0105 atsparum\u0105 leid\u017eia optimaliai prisitaikyti prie konkre\u010di\u0173 [&hellip;]<\/p>","protected":false},"featured_media":3277,"template":"","meta":{"content-type":"","site-sidebar-layout":"","site-content-layout":"","ast-site-content-layout":"","site-content-style":"","site-sidebar-style":"","ast-global-header-display":"","ast-banner-title-visibility":"","ast-main-header-display":"","ast-hfb-above-header-display":"","ast-hfb-below-header-display":"","ast-hfb-mobile-header-display":"","site-post-title":"","ast-breadcrumbs-content":"","ast-featured-img":"","footer-sml-layout":"","ast-disable-related-posts":"","theme-transparent-header-meta":"","adv-header-id-meta":"","stick-header-meta":"","header-above-stick-meta":"","header-main-stick-meta":"","header-below-stick-meta":"","astra-migrate-meta-layouts":"","ast-page-background-enabled":"default","ast-page-background-meta":{"desktop":{"background-color":"var(--ast-global-color-4)","background-image":"","background-repeat":"repeat","background-position":"center center","background-size":"auto","background-attachment":"scroll","background-type":"","background-media":"","overlay-type":"","overlay-color":"","overlay-opacity":"","overlay-gradient":""},"tablet":{"background-color":"","background-image":"","background-repeat":"repeat","background-position":"center center","background-size":"auto","background-attachment":"scroll","background-type":"","background-media":"","overlay-type":"","overlay-color":"","overlay-opacity":"","overlay-gradient":""},"mobile":{"background-color":"","background-image":"","background-repeat":"repeat","background-position":"center center","background-size":"auto","background-attachment":"scroll","background-type":"","background-media":"","overlay-type":"","overlay-color":"","overlay-opacity":"","overlay-gradient":""}},"ast-content-background-meta":{"desktop":{"background-color":"var(--ast-global-color-5)","background-image":"","background-repeat":"repeat","background-position":"center center","background-size":"auto","background-attachment":"scroll","background-type":"","background-media":"","overlay-type":"","overlay-color":"","overlay-opacity":"","overlay-gradient":""},"tablet":{"background-color":"var(--ast-global-color-5)","background-image":"","background-repeat":"repeat","background-position":"center center","background-size":"auto","background-attachment":"scroll","background-type":"","background-media":"","overlay-type":"","overlay-color":"","overlay-opacity":"","overlay-gradient":""},"mobile":{"background-color":"var(--ast-global-color-5)","background-image":"","background-repeat":"repeat","background-position":"center center","background-size":"auto","background-attachment":"scroll","background-type":"","background-media":"","overlay-type":"","overlay-color":"","overlay-opacity":"","overlay-gradient":""}}},"product_brand":[],"product_cat":[227],"product_tag":[724],"class_list":{"0":"post-12926","1":"product","2":"type-product","3":"status-publish","4":"has-post-thumbnail","6":"product_cat-vidaus-el-kabelio-apsaugos","7":"product_tag-tt-plast","8":"desktop-align-left","9":"tablet-align-left","10":"mobile-align-left","11":"ast-product-gallery-layout-vertical","12":"ast-product-gallery-with-no-image","13":"ast-magnify-disabled","14":"ast-product-tabs-layout-accordion","16":"first","17":"onbackorder","18":"taxable","19":"shipping-taxable","20":"purchasable","21":"product-type-simple"},"_links":{"self":[{"href":"https:\/\/b3group.lt\/en\/wp-json\/wp\/v2\/product\/12926","targetHints":{"allow":["GET"]}}],"collection":[{"href":"https:\/\/b3group.lt\/en\/wp-json\/wp\/v2\/product"}],"about":[{"href":"https:\/\/b3group.lt\/en\/wp-json\/wp\/v2\/types\/product"}],"wp:featuredmedia":[{"embeddable":true,"href":"https:\/\/b3group.lt\/en\/wp-json\/wp\/v2\/media\/3277"}],"wp:attachment":[{"href":"https:\/\/b3group.lt\/en\/wp-json\/wp\/v2\/media?parent=12926"}],"wp:term":[{"taxonomy":"product_brand","embeddable":true,"href":"https:\/\/b3group.lt\/en\/wp-json\/wp\/v2\/product_brand?post=12926"},{"taxonomy":"product_cat","embeddable":true,"href":"https:\/\/b3group.lt\/en\/wp-json\/wp\/v2\/product_cat?post=12926"},{"taxonomy":"product_tag","embeddable":true,"href":"https:\/\/b3group.lt\/en\/wp-json\/wp\/v2\/product_tag?post=12926"}],"curies":[{"name":"wp","href":"https:\/\/api.w.org\/{rel}","templated":true}]}}