{"id":12934,"date":"2026-02-24T14:07:13","date_gmt":"2026-02-24T14:07:13","guid":{"rendered":"https:\/\/b3group.lt\/shop\/be-kategorijos\/uv-resistant-corrugated-wiring-pipe-750n-rkssuv-25-20-50m\/"},"modified":"2026-02-24T14:07:13","modified_gmt":"2026-02-24T14:07:13","slug":"uv-resistant-corrugated-wiring-pipe-750n-rkssuv-25-20-50m","status":"publish","type":"product","link":"https:\/\/b3group.lt\/en\/product\/uv-resistant-corrugated-wiring-pipe-750n-rkssuv-25-20-50m\/","title":{"rendered":"UV-resistant corrugated wiring conduit 750N RKSSUV 25\/20-50m"},"content":{"rendered":"<p>RKSSUV\/RKSSUVP protection tubes are resistant to direct UV radiation. They are designed to protect electrical wiring in construction and industry against: mechanical stress, temperature and humidity. They retain good flexibility and the longitudinal shape of the cut ensures carefree entry of wires over long distances. This also guarantees easy access to electrical cables and trouble-free troubleshooting of electrical wiring during work.<\/p>","protected":false},"excerpt":{"rendered":"<p>RKSSUV\/RKSSUVP apsauginiai vamzd\u017eiai yra atspar\u016bs tiesioginei UV spinduliuotei. Jie skirti elektros instaliacijos apsaugai statybose ir pramon\u0117je nuo: mechanini\u0173 veiksni\u0173, temperat\u016bros ir dr\u0117gm\u0117s. Jie i\u0161laiko ger\u0105 [&hellip;]<\/p>","protected":false},"featured_media":3265,"template":"","meta":{"content-type":"","site-sidebar-layout":"","site-content-layout":"","ast-site-content-layout":"","site-content-style":"","site-sidebar-style":"","ast-global-header-display":"","ast-banner-title-visibility":"","ast-main-header-display":"","ast-hfb-above-header-display":"","ast-hfb-below-header-display":"","ast-hfb-mobile-header-display":"","site-post-title":"","ast-breadcrumbs-content":"","ast-featured-img":"","footer-sml-layout":"","ast-disable-related-posts":"","theme-transparent-header-meta":"","adv-header-id-meta":"","stick-header-meta":"","header-above-stick-meta":"","header-main-stick-meta":"","header-below-stick-meta":"","astra-migrate-meta-layouts":"","ast-page-background-enabled":"default","ast-page-background-meta":{"desktop":{"background-color":"var(--ast-global-color-4)","background-image":"","background-repeat":"repeat","background-position":"center center","background-size":"auto","background-attachment":"scroll","background-type":"","background-media":"","overlay-type":"","overlay-color":"","overlay-opacity":"","overlay-gradient":""},"tablet":{"background-color":"","background-image":"","background-repeat":"repeat","background-position":"center center","background-size":"auto","background-attachment":"scroll","background-type":"","background-media":"","overlay-type":"","overlay-color":"","overlay-opacity":"","overlay-gradient":""},"mobile":{"background-color":"","background-image":"","background-repeat":"repeat","background-position":"center center","background-size":"auto","background-attachment":"scroll","background-type":"","background-media":"","overlay-type":"","overlay-color":"","overlay-opacity":"","overlay-gradient":""}},"ast-content-background-meta":{"desktop":{"background-color":"var(--ast-global-color-5)","background-image":"","background-repeat":"repeat","background-position":"center center","background-size":"auto","background-attachment":"scroll","background-type":"","background-media":"","overlay-type":"","overlay-color":"","overlay-opacity":"","overlay-gradient":""},"tablet":{"background-color":"var(--ast-global-color-5)","background-image":"","background-repeat":"repeat","background-position":"center center","background-size":"auto","background-attachment":"scroll","background-type":"","background-media":"","overlay-type":"","overlay-color":"","overlay-opacity":"","overlay-gradient":""},"mobile":{"background-color":"var(--ast-global-color-5)","background-image":"","background-repeat":"repeat","background-position":"center center","background-size":"auto","background-attachment":"scroll","background-type":"","background-media":"","overlay-type":"","overlay-color":"","overlay-opacity":"","overlay-gradient":""}}},"product_brand":[],"product_cat":[40],"product_tag":[724],"class_list":{"0":"post-12934","1":"product","2":"type-product","3":"status-publish","4":"has-post-thumbnail","6":"product_cat-apsaugos-vamzdziai-uv","7":"product_tag-tt-plast","8":"desktop-align-left","9":"tablet-align-left","10":"mobile-align-left","11":"ast-product-gallery-layout-vertical","12":"ast-product-gallery-with-no-image","13":"ast-magnify-disabled","14":"ast-product-tabs-layout-accordion","16":"first","17":"onbackorder","18":"taxable","19":"shipping-taxable","20":"purchasable","21":"product-type-simple"},"_links":{"self":[{"href":"https:\/\/b3group.lt\/en\/wp-json\/wp\/v2\/product\/12934","targetHints":{"allow":["GET"]}}],"collection":[{"href":"https:\/\/b3group.lt\/en\/wp-json\/wp\/v2\/product"}],"about":[{"href":"https:\/\/b3group.lt\/en\/wp-json\/wp\/v2\/types\/product"}],"wp:featuredmedia":[{"embeddable":true,"href":"https:\/\/b3group.lt\/en\/wp-json\/wp\/v2\/media\/3265"}],"wp:attachment":[{"href":"https:\/\/b3group.lt\/en\/wp-json\/wp\/v2\/media?parent=12934"}],"wp:term":[{"taxonomy":"product_brand","embeddable":true,"href":"https:\/\/b3group.lt\/en\/wp-json\/wp\/v2\/product_brand?post=12934"},{"taxonomy":"product_cat","embeddable":true,"href":"https:\/\/b3group.lt\/en\/wp-json\/wp\/v2\/product_cat?post=12934"},{"taxonomy":"product_tag","embeddable":true,"href":"https:\/\/b3group.lt\/en\/wp-json\/wp\/v2\/product_tag?post=12934"}],"curies":[{"name":"wp","href":"https:\/\/api.w.org\/{rel}","templated":true}]}}