{"id":12968,"date":"2026-02-24T14:07:48","date_gmt":"2026-02-24T14:07:48","guid":{"rendered":"https:\/\/b3group.lt\/shop\/be-kategorijos\/halogen-free-corrugated-wiring-pipe-rksshf-750n-50-43-25m\/"},"modified":"2026-02-24T14:07:48","modified_gmt":"2026-02-24T14:07:48","slug":"halogen-free-corrugated-wiring-pipe-rksshf-750n-50-43-25m","status":"publish","type":"product","link":"https:\/\/b3group.lt\/en\/product\/halogen-free-corrugated-wiring-pipe-rksshf-750n-50-43-25m\/","title":{"rendered":"Corrugated halogen-free wiring tube RKSSHF 750N 50\/43-25m"},"content":{"rendered":"<p>RKSSHF ir RKSSHFP vamzd\u017eiai yra apsauginiai vamzd\u017eiai, skirti mechaninei apsaugai, taip pat apsaugai nuo laid\u0173 dr\u0117gm\u0117s elektros instaliacijose. Jie naudojami ypatingo prie\u0161gaisrinio laipsnio vietose (bendrosios paskirties pastatuose, medini\u0173 konstrukcij\u0173 pastatuose, pal\u0117p\u0117se, pal\u0117p\u0117se). RKSSHF ir RKSSHFP vamzd\u017eiai atitinka standarto reikalavimus d\u0117l gaisro metu susidaran\u010di\u0173 toksi\u0161k\u0173 chemini\u0173 med\u017eiag\u0173 kiekio (produktas be halogen\u0173). D\u0117l tinkamo skerspj\u016bvio vamzd\u017eiai yra labai lankst\u016bs, nes padid\u0117ja mechaninis atsparumas (750 N). Vamzd\u017eio forma leid\u017eia naudoti sunkiai pasiekiamose vietose, tuo pa\u010diu suteikiant galimyb\u0119 pakeisti laid\u0105. RKSSHF ir RKSSHFP vamzd\u017eiai pasi\u017eymi dideliu atsparumu tempimui, taip pat u\u017etikrina lengv\u0105 laid\u0173 \u012fvedim\u0105 didesniais atstumais. RKSSHFP vamzdis yra versija su plienine viela, kuri \u017eymiai palengvina elektros laid\u0173 apvij\u0105 arba keitim\u0105.<\/p>","protected":false},"excerpt":{"rendered":"<p>RKSSHF ir RKSSHFP vamzd\u017eiai yra apsauginiai vamzd\u017eiai, skirti mechaninei apsaugai, taip pat apsaugai nuo laid\u0173 dr\u0117gm\u0117s elektros instaliacijose. Jie naudojami ypatingo prie\u0161gaisrinio laipsnio vietose (bendrosios [&hellip;]<\/p>","protected":false},"featured_media":3225,"template":"","meta":{"content-type":"","site-sidebar-layout":"","site-content-layout":"","ast-site-content-layout":"","site-content-style":"","site-sidebar-style":"","ast-global-header-display":"","ast-banner-title-visibility":"","ast-main-header-display":"","ast-hfb-above-header-display":"","ast-hfb-below-header-display":"","ast-hfb-mobile-header-display":"","site-post-title":"","ast-breadcrumbs-content":"","ast-featured-img":"","footer-sml-layout":"","ast-disable-related-posts":"","theme-transparent-header-meta":"","adv-header-id-meta":"","stick-header-meta":"","header-above-stick-meta":"","header-main-stick-meta":"","header-below-stick-meta":"","astra-migrate-meta-layouts":"","ast-page-background-enabled":"default","ast-page-background-meta":{"desktop":{"background-color":"var(--ast-global-color-4)","background-image":"","background-repeat":"repeat","background-position":"center center","background-size":"auto","background-attachment":"scroll","background-type":"","background-media":"","overlay-type":"","overlay-color":"","overlay-opacity":"","overlay-gradient":""},"tablet":{"background-color":"","background-image":"","background-repeat":"repeat","background-position":"center center","background-size":"auto","background-attachment":"scroll","background-type":"","background-media":"","overlay-type":"","overlay-color":"","overlay-opacity":"","overlay-gradient":""},"mobile":{"background-color":"","background-image":"","background-repeat":"repeat","background-position":"center center","background-size":"auto","background-attachment":"scroll","background-type":"","background-media":"","overlay-type":"","overlay-color":"","overlay-opacity":"","overlay-gradient":""}},"ast-content-background-meta":{"desktop":{"background-color":"var(--ast-global-color-5)","background-image":"","background-repeat":"repeat","background-position":"center center","background-size":"auto","background-attachment":"scroll","background-type":"","background-media":"","overlay-type":"","overlay-color":"","overlay-opacity":"","overlay-gradient":""},"tablet":{"background-color":"var(--ast-global-color-5)","background-image":"","background-repeat":"repeat","background-position":"center center","background-size":"auto","background-attachment":"scroll","background-type":"","background-media":"","overlay-type":"","overlay-color":"","overlay-opacity":"","overlay-gradient":""},"mobile":{"background-color":"var(--ast-global-color-5)","background-image":"","background-repeat":"repeat","background-position":"center center","background-size":"auto","background-attachment":"scroll","background-type":"","background-media":"","overlay-type":"","overlay-color":"","overlay-opacity":"","overlay-gradient":""}}},"product_brand":[],"product_cat":[226],"product_tag":[724],"class_list":{"0":"post-12968","1":"product","2":"type-product","3":"status-publish","4":"has-post-thumbnail","6":"product_cat-gofruoti-el-apsaugos-vamzdziai","7":"product_tag-tt-plast","8":"desktop-align-left","9":"tablet-align-left","10":"mobile-align-left","11":"ast-product-gallery-layout-vertical","12":"ast-product-gallery-with-no-image","13":"ast-magnify-disabled","14":"ast-product-tabs-layout-accordion","16":"first","17":"onbackorder","18":"taxable","19":"shipping-taxable","20":"purchasable","21":"product-type-simple"},"_links":{"self":[{"href":"https:\/\/b3group.lt\/en\/wp-json\/wp\/v2\/product\/12968","targetHints":{"allow":["GET"]}}],"collection":[{"href":"https:\/\/b3group.lt\/en\/wp-json\/wp\/v2\/product"}],"about":[{"href":"https:\/\/b3group.lt\/en\/wp-json\/wp\/v2\/types\/product"}],"wp:featuredmedia":[{"embeddable":true,"href":"https:\/\/b3group.lt\/en\/wp-json\/wp\/v2\/media\/3225"}],"wp:attachment":[{"href":"https:\/\/b3group.lt\/en\/wp-json\/wp\/v2\/media?parent=12968"}],"wp:term":[{"taxonomy":"product_brand","embeddable":true,"href":"https:\/\/b3group.lt\/en\/wp-json\/wp\/v2\/product_brand?post=12968"},{"taxonomy":"product_cat","embeddable":true,"href":"https:\/\/b3group.lt\/en\/wp-json\/wp\/v2\/product_cat?post=12968"},{"taxonomy":"product_tag","embeddable":true,"href":"https:\/\/b3group.lt\/en\/wp-json\/wp\/v2\/product_tag?post=12968"}],"curies":[{"name":"wp","href":"https:\/\/api.w.org\/{rel}","templated":true}]}}