{"id":13003,"date":"2026-02-24T14:08:50","date_gmt":"2026-02-24T14:08:50","guid":{"rendered":"https:\/\/b3group.lt\/shop\/be-kategorijos\/corrugated-pe-casing-pipe-i-for-heating-systems-rksgk-36-29-50m-in-blue\/"},"modified":"2026-02-24T14:08:50","modified_gmt":"2026-02-24T14:08:50","slug":"corrugated-pe-casing-pipe-i-for-heating-systems-rksgk-36-29-50m-in-blue","status":"publish","type":"product","link":"https:\/\/b3group.lt\/en\/product\/corrugated-pe-casing-pipe-i-for-heating-systems-rksgk-36-29-50m-in-blue\/","title":{"rendered":"Corrugated PE casing pipe for heating systems I RKSGk 36\/29-50m BLUE"},"content":{"rendered":"<p>PE \u0161ildymo sistemos gofruotas vamzdis yra apsauginis vamzdis, skirtas, be kita ko, mechaninei centrinio \u0161ildymo vamzd\u017ei\u0173 apsaugai. Galima \u012fsigyti m\u0117lynos ir raudonos spalvos. Jis gali b\u016bti naudojamas kaip apsauga arba \u017eym\u0117jimo vamzd\u017eiai su \u0161iltu ir \u0161altu vandeniu. D\u0117l tinkamo skerspj\u016bvio vamzdis yra labai lankstus, i\u0161laikomas geras mechaninis atsparumas (iki 320N) ir atsparumas tempimui. .<\/p>","protected":false},"excerpt":{"rendered":"<p>PE \u0161ildymo sistemos gofruotas vamzdis yra apsauginis vamzdis, skirtas, be kita ko, mechaninei centrinio \u0161ildymo vamzd\u017ei\u0173 apsaugai. Galima \u012fsigyti m\u0117lynos ir raudonos spalvos. Jis gali [&hellip;]<\/p>","protected":false},"featured_media":3179,"template":"","meta":{"content-type":"","site-sidebar-layout":"","site-content-layout":"","ast-site-content-layout":"","site-content-style":"","site-sidebar-style":"","ast-global-header-display":"","ast-banner-title-visibility":"","ast-main-header-display":"","ast-hfb-above-header-display":"","ast-hfb-below-header-display":"","ast-hfb-mobile-header-display":"","site-post-title":"","ast-breadcrumbs-content":"","ast-featured-img":"","footer-sml-layout":"","ast-disable-related-posts":"","theme-transparent-header-meta":"","adv-header-id-meta":"","stick-header-meta":"","header-above-stick-meta":"","header-main-stick-meta":"","header-below-stick-meta":"","astra-migrate-meta-layouts":"","ast-page-background-enabled":"default","ast-page-background-meta":{"desktop":{"background-color":"var(--ast-global-color-4)","background-image":"","background-repeat":"repeat","background-position":"center center","background-size":"auto","background-attachment":"scroll","background-type":"","background-media":"","overlay-type":"","overlay-color":"","overlay-opacity":"","overlay-gradient":""},"tablet":{"background-color":"","background-image":"","background-repeat":"repeat","background-position":"center center","background-size":"auto","background-attachment":"scroll","background-type":"","background-media":"","overlay-type":"","overlay-color":"","overlay-opacity":"","overlay-gradient":""},"mobile":{"background-color":"","background-image":"","background-repeat":"repeat","background-position":"center center","background-size":"auto","background-attachment":"scroll","background-type":"","background-media":"","overlay-type":"","overlay-color":"","overlay-opacity":"","overlay-gradient":""}},"ast-content-background-meta":{"desktop":{"background-color":"var(--ast-global-color-5)","background-image":"","background-repeat":"repeat","background-position":"center center","background-size":"auto","background-attachment":"scroll","background-type":"","background-media":"","overlay-type":"","overlay-color":"","overlay-opacity":"","overlay-gradient":""},"tablet":{"background-color":"var(--ast-global-color-5)","background-image":"","background-repeat":"repeat","background-position":"center center","background-size":"auto","background-attachment":"scroll","background-type":"","background-media":"","overlay-type":"","overlay-color":"","overlay-opacity":"","overlay-gradient":""},"mobile":{"background-color":"var(--ast-global-color-5)","background-image":"","background-repeat":"repeat","background-position":"center center","background-size":"auto","background-attachment":"scroll","background-type":"","background-media":"","overlay-type":"","overlay-color":"","overlay-opacity":"","overlay-gradient":""}}},"product_brand":[],"product_cat":[240],"product_tag":[724],"class_list":{"0":"post-13003","1":"product","2":"type-product","3":"status-publish","4":"has-post-thumbnail","6":"product_cat-gofruoti-pe-korpuso-vamzdziai-sildymo-sistemoms","7":"product_tag-tt-plast","8":"desktop-align-left","9":"tablet-align-left","10":"mobile-align-left","11":"ast-product-gallery-layout-vertical","12":"ast-product-gallery-with-no-image","13":"ast-magnify-disabled","14":"ast-product-tabs-layout-accordion","16":"first","17":"onbackorder","18":"taxable","19":"shipping-taxable","20":"purchasable","21":"product-type-simple"},"_links":{"self":[{"href":"https:\/\/b3group.lt\/en\/wp-json\/wp\/v2\/product\/13003","targetHints":{"allow":["GET"]}}],"collection":[{"href":"https:\/\/b3group.lt\/en\/wp-json\/wp\/v2\/product"}],"about":[{"href":"https:\/\/b3group.lt\/en\/wp-json\/wp\/v2\/types\/product"}],"wp:featuredmedia":[{"embeddable":true,"href":"https:\/\/b3group.lt\/en\/wp-json\/wp\/v2\/media\/3179"}],"wp:attachment":[{"href":"https:\/\/b3group.lt\/en\/wp-json\/wp\/v2\/media?parent=13003"}],"wp:term":[{"taxonomy":"product_brand","embeddable":true,"href":"https:\/\/b3group.lt\/en\/wp-json\/wp\/v2\/product_brand?post=13003"},{"taxonomy":"product_cat","embeddable":true,"href":"https:\/\/b3group.lt\/en\/wp-json\/wp\/v2\/product_cat?post=13003"},{"taxonomy":"product_tag","embeddable":true,"href":"https:\/\/b3group.lt\/en\/wp-json\/wp\/v2\/product_tag?post=13003"}],"curies":[{"name":"wp","href":"https:\/\/api.w.org\/{rel}","templated":true}]}}