{"id":13053,"date":"2026-02-24T14:09:53","date_gmt":"2026-02-24T14:09:53","guid":{"rendered":"https:\/\/b3group.lt\/shop\/be-kategorijos\/halogen-free-corrugated-wiring-pipe-rklshf-320n-25-20-50m\/"},"modified":"2026-02-24T14:09:53","modified_gmt":"2026-02-24T14:09:53","slug":"halogen-free-corrugated-wiring-pipe-rklshf-320n-25-20-50m","status":"publish","type":"product","link":"https:\/\/b3group.lt\/en\/product\/halogen-free-corrugated-wiring-pipe-rklshf-320n-25-20-50m\/","title":{"rendered":"Corrugated halogen-free wiring pipe RKLSHF 320N 25\/20-50m"},"content":{"rendered":"<p>RKLSHF and RKLSHFP pipes are protective pipes for mechanical protection as well as protection against moisture in electrical installations. They are used in areas with a special fire rating (general purpose buildings, buildings of wooden construction, attics, lofts). RKLSHF and RKLSHFP pipes comply with the standard's requirement regarding the content of toxic substances formed during a fire (halogen-free product). Due to the appropriate cross-section, the pipes will be flexible and maintain good mechanical strength (up to 320N). The shape of the pipe allows for use in hard-to-reach places, while allowing for the possibility of changing the cable. In addition, RKLSHF and RKLSHFP tubes have a high tensile strength and also ensure easy insertion of wires over longer distances. The RKLSHFP pipe is available in a version with a steel wire which makes it much easier to wind or replace the electrical wires.<\/p>","protected":false},"excerpt":{"rendered":"<p>RKLSHF ir RKLSHFP vamzd\u017eiai yra apsauginiai vamzd\u017eiai, skirti mechaninei apsaugai, taip pat apsaugai nuo laid\u0173 dr\u0117gm\u0117s elektros instaliacijose. Jie naudojami ypatingo prie\u0161gaisrinio laipsnio vietose (bendrosios [&hellip;]<\/p>","protected":false},"featured_media":3139,"template":"","meta":{"content-type":"","site-sidebar-layout":"","site-content-layout":"","ast-site-content-layout":"","site-content-style":"","site-sidebar-style":"","ast-global-header-display":"","ast-banner-title-visibility":"","ast-main-header-display":"","ast-hfb-above-header-display":"","ast-hfb-below-header-display":"","ast-hfb-mobile-header-display":"","site-post-title":"","ast-breadcrumbs-content":"","ast-featured-img":"","footer-sml-layout":"","ast-disable-related-posts":"","theme-transparent-header-meta":"","adv-header-id-meta":"","stick-header-meta":"","header-above-stick-meta":"","header-main-stick-meta":"","header-below-stick-meta":"","astra-migrate-meta-layouts":"","ast-page-background-enabled":"default","ast-page-background-meta":{"desktop":{"background-color":"var(--ast-global-color-4)","background-image":"","background-repeat":"repeat","background-position":"center center","background-size":"auto","background-attachment":"scroll","background-type":"","background-media":"","overlay-type":"","overlay-color":"","overlay-opacity":"","overlay-gradient":""},"tablet":{"background-color":"","background-image":"","background-repeat":"repeat","background-position":"center center","background-size":"auto","background-attachment":"scroll","background-type":"","background-media":"","overlay-type":"","overlay-color":"","overlay-opacity":"","overlay-gradient":""},"mobile":{"background-color":"","background-image":"","background-repeat":"repeat","background-position":"center center","background-size":"auto","background-attachment":"scroll","background-type":"","background-media":"","overlay-type":"","overlay-color":"","overlay-opacity":"","overlay-gradient":""}},"ast-content-background-meta":{"desktop":{"background-color":"var(--ast-global-color-5)","background-image":"","background-repeat":"repeat","background-position":"center center","background-size":"auto","background-attachment":"scroll","background-type":"","background-media":"","overlay-type":"","overlay-color":"","overlay-opacity":"","overlay-gradient":""},"tablet":{"background-color":"var(--ast-global-color-5)","background-image":"","background-repeat":"repeat","background-position":"center center","background-size":"auto","background-attachment":"scroll","background-type":"","background-media":"","overlay-type":"","overlay-color":"","overlay-opacity":"","overlay-gradient":""},"mobile":{"background-color":"var(--ast-global-color-5)","background-image":"","background-repeat":"repeat","background-position":"center center","background-size":"auto","background-attachment":"scroll","background-type":"","background-media":"","overlay-type":"","overlay-color":"","overlay-opacity":"","overlay-gradient":""}}},"product_brand":[],"product_cat":[226],"product_tag":[724],"class_list":{"0":"post-13053","1":"product","2":"type-product","3":"status-publish","4":"has-post-thumbnail","6":"product_cat-gofruoti-el-apsaugos-vamzdziai","7":"product_tag-tt-plast","8":"desktop-align-left","9":"tablet-align-left","10":"mobile-align-left","11":"ast-product-gallery-layout-vertical","12":"ast-product-gallery-with-no-image","13":"ast-magnify-disabled","14":"ast-product-tabs-layout-accordion","16":"first","17":"onbackorder","18":"taxable","19":"shipping-taxable","20":"purchasable","21":"product-type-simple"},"_links":{"self":[{"href":"https:\/\/b3group.lt\/en\/wp-json\/wp\/v2\/product\/13053","targetHints":{"allow":["GET"]}}],"collection":[{"href":"https:\/\/b3group.lt\/en\/wp-json\/wp\/v2\/product"}],"about":[{"href":"https:\/\/b3group.lt\/en\/wp-json\/wp\/v2\/types\/product"}],"wp:featuredmedia":[{"embeddable":true,"href":"https:\/\/b3group.lt\/en\/wp-json\/wp\/v2\/media\/3139"}],"wp:attachment":[{"href":"https:\/\/b3group.lt\/en\/wp-json\/wp\/v2\/media?parent=13053"}],"wp:term":[{"taxonomy":"product_brand","embeddable":true,"href":"https:\/\/b3group.lt\/en\/wp-json\/wp\/v2\/product_brand?post=13053"},{"taxonomy":"product_cat","embeddable":true,"href":"https:\/\/b3group.lt\/en\/wp-json\/wp\/v2\/product_cat?post=13053"},{"taxonomy":"product_tag","embeddable":true,"href":"https:\/\/b3group.lt\/en\/wp-json\/wp\/v2\/product_tag?post=13053"}],"curies":[{"name":"wp","href":"https:\/\/api.w.org\/{rel}","templated":true}]}}