{"id":13540,"date":"2024-11-28T19:59:55","date_gmt":"2024-11-28T19:59:55","guid":{"rendered":"https:\/\/b3group.lt\/shop\/be-kategorijos\/rexa-fit-v08-426a-40m015-523-a\/"},"modified":"2025-03-26T10:20:47","modified_gmt":"2025-03-26T10:20:47","slug":"rexa-fit-v08-426a-40m015-523-a","status":"publish","type":"product","link":"https:\/\/b3group.lt\/en\/product\/rexa-fit-v08-426a-40m015-523-a\/","title":{"rendered":"Rexa FIT-V08-426A\/40M015-523\/A"},"content":{"rendered":"<p>Fully submersible sewage submersible pump for stationary or mobile submersible installation for pumping sewage and faecal wastewater (<b>EN<\/b>&nbsp;12050-1 taikymo sritis). Hidraulikos korpusas ir darbaratis i\u0161 ketaus, variklio korpusas i\u0161 ner\u016bdijan\u010dio plieno. I\u0161 terp\u0117s ir variklio pus\u0117s sandarinama dviem nuo sukimosi krypties nepriklausomais mechaniniais sandarikliais. Kintamosios srov\u0117s pumpuojama terpe au\u0161inamas variklis su \u0161ilumine variklio apsauga su integruotu eigos kondensatoriumi, sandarinimo kamera ir savaime \u012fsijungian\u010diu termin\u0117s variklio kontrol\u0117s \u012ftaisu. Atjungiamas sujungimo kabelis su \u012f\u017eemintu ki\u0161tuku ir pl\u016bdiniu jungikliu.<\/p>\n<p><!----><\/p>\n<div class=\"col\">\n<div class=\"card cl-card-table-simple h-100\"><!----><!----><\/p>\n<div>\n<table class=\"cl-table-simple\">\n<thead>\n<tr>\n<th colspan=\"2\">Hydraulic equipment data<\/th>\n<\/tr>\n<\/thead>\n<tbody><!----> <\/p>\n<tr>\n<td>Maximum working pressure <i>p<\/i><\/td>\n<td><span>1,1 bar<\/span><\/td>\n<\/tr>\n<tr>\n<td>Pressure tube<\/td>\n<td><span>DN 80\/100<\/span><\/td>\n<\/tr>\n<tr>\n<td>Free diameter of the hydraulics passage<\/td>\n<td><span>80 mm<\/span><\/td>\n<\/tr>\n<tr>\n<td>Type of hydraulic system<\/td>\n<td><span>Free-current impeller<\/span><\/td>\n<\/tr>\n<tr>\n<td>Large. Immersion depth<\/td>\n<td><span>7 m<\/span><\/td>\n<\/tr>\n<tr>\n<td>Feed height, max. <i>H<\/i><sub>max<\/sub><\/td>\n<td><span>8,8 m<\/span><\/td>\n<\/tr>\n<tr>\n<td>Debit max. <i>Q<\/i><sub>max<\/sub><\/td>\n<td><span>70,0 m\u00b3\/h<\/span><\/td>\n<\/tr>\n<tr>\n<td>Min. operating temperature <i>T<\/i><sub>min<\/sub><\/td>\n<td><span>3 \u00b0C<\/span><\/td>\n<\/tr>\n<tr>\n<td>Max. Max. operating medium temperature <i>T<\/i><sub>max<\/sub><\/td>\n<td><span>40 \u00b0C<\/span><\/td>\n<\/tr>\n<tr>\n<td>Min. ambient temperature <i>T<\/i><sub>min<\/sub><\/td>\n<td><span>3 \u00b0C<\/span><\/td>\n<\/tr>\n<tr>\n<td>Max. Max. ambient temperature <i>T<\/i><sub>max<\/sub><\/td>\n<td><span>40 \u00b0C<\/span><\/td>\n<\/tr>\n<\/tbody>\n<\/table>\n<\/div>\n<p><!----><!----><\/div>\n<\/div>\n<div class=\"col\">\n<div class=\"card cl-card-table-simple h-100\"><!----><!----><\/p>\n<div>\n<table class=\"cl-table-simple\">\n<thead>\n<tr>\n<th colspan=\"2\">Engine data<\/th>\n<\/tr>\n<\/thead>\n<tbody><!----> <\/p>\n<tr>\n<td>Type<\/td>\n<td><span>S 13.L-11\/EAD0-4-M 1,5kW<\/span><\/td>\n<\/tr>\n<tr>\n<td>Power supply voltage<\/td>\n<td><span>1~230 V, 50 Hz<\/span><\/td>\n<\/tr>\n<tr>\n<td>Voltage deviation<\/td>\n<td><span>\u00b110 %<\/span><\/td>\n<\/tr>\n<tr>\n<td>Rated engine power <i>P<\/i><sub>2<\/sub><\/td>\n<td><span>1,5 kW<\/span><\/td>\n<\/tr>\n<tr>\n<td>Consumption power <i>P<\/i><sub>1 max<\/sub><\/td>\n<td><span>2,15&nbsp;kW<\/span><\/td>\n<\/tr>\n<tr>\n<td>Rated current <i>I<\/i><sub>N<\/sub><\/td>\n<td><span>9,3 A<\/span><\/td>\n<\/tr>\n<tr>\n<td>Start-up current <i>I<\/i><\/td>\n<td><span>25&nbsp;A<\/span><\/td>\n<\/tr>\n<tr>\n<td>Operating mode (submerged)<\/td>\n<td><span>S1<\/span><\/td>\n<\/tr>\n<tr>\n<td>Operating mode (not in operation)<\/td>\n<td><span>S2-15 min.<\/span><\/td>\n<\/tr>\n<tr>\n<td>Rated speed <i>n<\/i><\/td>\n<td><span>1408&nbsp;1\/min<\/span><\/td>\n<\/tr>\n<tr>\n<td>Power factor<\/td>\n<td><span>0,99<\/span><\/td>\n<\/tr>\n<tr>\n<td>Method of activation<\/td>\n<td><span>Direct on the network (DOL)<\/span><\/td>\n<\/tr>\n<tr>\n<td>Number of poles<\/td>\n<td><span>4<\/span><\/td>\n<\/tr>\n<tr>\n<td>Max. switching frequency <i>t<\/i><\/td>\n<td><span>60 1\/h<\/span><\/td>\n<\/tr>\n<tr>\n<td>Insulation class<\/td>\n<td><span>F<\/span><\/td>\n<\/tr>\n<tr>\n<td>Engine protection class<\/td>\n<td><span>IP68<\/span><\/td>\n<\/tr>\n<\/tbody>\n<\/table>\n<\/div>\n<p><!----><!----><\/div>\n<\/div>\n<div class=\"col\">\n<div class=\"card cl-card-table-simple h-100\"><!----><!----><\/p>\n<div>\n<table class=\"cl-table-simple\">\n<thead>\n<tr>\n<th colspan=\"2\">Cable<\/th>\n<\/tr>\n<\/thead>\n<tbody><!----> <\/p>\n<tr>\n<td>Connecting cable length<\/td>\n<td><span>10 m<\/span><\/td>\n<\/tr>\n<tr>\n<td>Cable type<\/td>\n<td><span>H07RN-F<\/span><\/td>\n<\/tr>\n<tr>\n<td>Cable cross-section<\/td>\n<td><span>3G1 mm\u00b2<\/span><\/td>\n<\/tr>\n<tr>\n<td>Type of connecting cable<\/td>\n<td><span>Disconnecting<\/span><\/td>\n<\/tr>\n<\/tbody>\n<\/table>\n<\/div>\n<p><!----><!----><\/div>\n<\/div>\n<div class=\"col\">\n<div class=\"card cl-card-table-simple h-100\"><!----><!----><\/p>\n<div>\n<table class=\"cl-table-simple\">\n<thead>\n<tr>\n<th colspan=\"2\">Equipment\/function<\/th>\n<\/tr>\n<\/thead>\n<tbody><!----> <\/p>\n<tr>\n<td>Network plug<\/td>\n<td><span>CEE7\/7 (with earthing)<\/span><\/td>\n<\/tr>\n<tr>\n<td>Float switch<\/td>\n<td><span>Yes<\/span><\/td>\n<\/tr>\n<tr>\n<td>Shredder<\/td>\n<td><span>No<\/span><\/td>\n<\/tr>\n<tr>\n<td>Explosion protection type<\/td>\n<td><span>&#8211;<\/span><\/td>\n<\/tr>\n<tr>\n<td>Engine protection<\/td>\n<td><span>Bimetal<\/span><\/td>\n<\/tr>\n<tr>\n<td>Engine leak check<\/td>\n<td><span>No<\/span><\/td>\n<\/tr>\n<tr>\n<td>Sealing chamber leak monitoring<\/td>\n<td><span>Optional<\/span><\/td>\n<\/tr>\n<tr>\n<td>Leak chamber leakage monitoring<\/td>\n<td><span>No<\/span><\/td>\n<\/tr>\n<\/tbody>\n<\/table>\n<\/div>\n<p><!----><!----><\/div>\n<\/div>\n<div class=\"col\">\n<div class=\"card cl-card-table-simple h-100\"><!----><!----><\/p>\n<div>\n<table class=\"cl-table-simple\">\n<thead>\n<tr>\n<th colspan=\"2\">Materials<\/th>\n<\/tr>\n<\/thead>\n<tbody><!----> <\/p>\n<tr>\n<td>Pump casing<\/td>\n<td><span>Ketus<\/span><\/td>\n<\/tr>\n<tr>\n<td>Workbench<\/td>\n<td><span>Ketus<\/span><\/td>\n<\/tr>\n<tr>\n<td>Velen<\/td>\n<td><span>Stainless steel<\/span><\/td>\n<\/tr>\n<tr>\n<td>Seal material on the pump side<\/td>\n<td><span>Silicon carbide<\/span><\/td>\n<\/tr>\n<tr>\n<td>Seal material on the engine side<\/td>\n<td><span>NBR<\/span><\/td>\n<\/tr>\n<tr>\n<td>Seal material<\/td>\n<td><span>NBR<\/span><\/td>\n<\/tr>\n<tr>\n<td>Engine material<\/td>\n<td><span>Stainless steel<\/span><\/td>\n<\/tr>\n<\/tbody>\n<\/table>\n<\/div>\n<p><!----><!----><\/div>\n<\/div>\n<div class=\"col\">\n<div class=\"card cl-card-table-simple h-100\"><!----><!----><\/p>\n<div>\n<table class=\"cl-table-simple\">\n<thead>\n<tr>\n<th colspan=\"2\">Installation dimensions<\/th>\n<\/tr>\n<\/thead>\n<tbody><!----> <\/p>\n<tr>\n<td>Access connector<\/td>\n<td><span>DN 80<\/span><\/td>\n<\/tr>\n<tr>\n<td>Output connector<\/td>\n<td><span>DN 80\/100<\/span><\/td>\n<\/tr>\n<\/tbody>\n<\/table>\n<\/div>\n<p><!----><!----><\/div>\n<\/div>\n<ul>\n<li><strong><a href=\"https:\/\/cms.media.wilo.com\/dcidocpfinder\/wilo380122\/4317191\/wilo380122.pdf\"  target=\"_blank\" rel=\"noopener noreferrer\" >Instructions for installation and use<\/a><\/strong><\/li>\n<li><strong><a href=\"https:\/\/cms.media.wilo.com\/dcidocpfinder\/wilo189146\/1624926\/wilo189146.pdf\"  target=\"_blank\" rel=\"noopener noreferrer\" >REACH Regulation<\/a><\/strong><\/li>\n<\/ul>","protected":false},"excerpt":{"rendered":"<p>Visi\u0161kai u\u017eliejamas nuotek\u0173 panardinamasis siurblys stacionariam arba kilnojamajam panardinamajam montavimui nutekam\u0173j\u0173 vanden\u0173 ir nuotek\u0173 su fekalijomis pumpavimui (EN&nbsp;12050-1 taikymo sritis). Hidraulikos korpusas ir darbaratis i\u0161 [&hellip;]<\/p>","protected":false},"featured_media":13474,"template":"","meta":{"content-type":"","site-sidebar-layout":"","site-content-layout":"","ast-site-content-layout":"","site-content-style":"","site-sidebar-style":"","ast-global-header-display":"","ast-banner-title-visibility":"","ast-main-header-display":"","ast-hfb-above-header-display":"","ast-hfb-below-header-display":"","ast-hfb-mobile-header-display":"","site-post-title":"","ast-breadcrumbs-content":"","ast-featured-img":"","footer-sml-layout":"","ast-disable-related-posts":"","theme-transparent-header-meta":"","adv-header-id-meta":"","stick-header-meta":"","header-above-stick-meta":"","header-main-stick-meta":"","header-below-stick-meta":"","astra-migrate-meta-layouts":"","ast-page-background-enabled":"default","ast-page-background-meta":{"desktop":{"background-color":"var(--ast-global-color-4)","background-image":"","background-repeat":"repeat","background-position":"center center","background-size":"auto","background-attachment":"scroll","background-type":"","background-media":"","overlay-type":"","overlay-color":"","overlay-opacity":"","overlay-gradient":""},"tablet":{"background-color":"","background-image":"","background-repeat":"repeat","background-position":"center center","background-size":"auto","background-attachment":"scroll","background-type":"","background-media":"","overlay-type":"","overlay-color":"","overlay-opacity":"","overlay-gradient":""},"mobile":{"background-color":"","background-image":"","background-repeat":"repeat","background-position":"center center","background-size":"auto","background-attachment":"scroll","background-type":"","background-media":"","overlay-type":"","overlay-color":"","overlay-opacity":"","overlay-gradient":""}},"ast-content-background-meta":{"desktop":{"background-color":"var(--ast-global-color-5)","background-image":"","background-repeat":"repeat","background-position":"center center","background-size":"auto","background-attachment":"scroll","background-type":"","background-media":"","overlay-type":"","overlay-color":"","overlay-opacity":"","overlay-gradient":""},"tablet":{"background-color":"var(--ast-global-color-5)","background-image":"","background-repeat":"repeat","background-position":"center center","background-size":"auto","background-attachment":"scroll","background-type":"","background-media":"","overlay-type":"","overlay-color":"","overlay-opacity":"","overlay-gradient":""},"mobile":{"background-color":"var(--ast-global-color-5)","background-image":"","background-repeat":"repeat","background-position":"center center","background-size":"auto","background-attachment":"scroll","background-type":"","background-media":"","overlay-type":"","overlay-color":"","overlay-opacity":"","overlay-gradient":""}}},"product_brand":[],"product_cat":[730],"product_tag":[725],"class_list":{"0":"post-13540","1":"product","2":"type-product","3":"status-publish","4":"has-post-thumbnail","6":"product_cat-siurbliai","7":"product_tag-wilo","8":"desktop-align-left","9":"tablet-align-left","10":"mobile-align-left","11":"ast-product-gallery-layout-vertical","12":"ast-product-gallery-with-no-image","13":"ast-magnify-disabled","14":"ast-product-tabs-layout-accordion","16":"first","17":"onbackorder","18":"taxable","19":"shipping-taxable","20":"purchasable","21":"product-type-simple"},"_links":{"self":[{"href":"https:\/\/b3group.lt\/en\/wp-json\/wp\/v2\/product\/13540","targetHints":{"allow":["GET"]}}],"collection":[{"href":"https:\/\/b3group.lt\/en\/wp-json\/wp\/v2\/product"}],"about":[{"href":"https:\/\/b3group.lt\/en\/wp-json\/wp\/v2\/types\/product"}],"wp:featuredmedia":[{"embeddable":true,"href":"https:\/\/b3group.lt\/en\/wp-json\/wp\/v2\/media\/13474"}],"wp:attachment":[{"href":"https:\/\/b3group.lt\/en\/wp-json\/wp\/v2\/media?parent=13540"}],"wp:term":[{"taxonomy":"product_brand","embeddable":true,"href":"https:\/\/b3group.lt\/en\/wp-json\/wp\/v2\/product_brand?post=13540"},{"taxonomy":"product_cat","embeddable":true,"href":"https:\/\/b3group.lt\/en\/wp-json\/wp\/v2\/product_cat?post=13540"},{"taxonomy":"product_tag","embeddable":true,"href":"https:\/\/b3group.lt\/en\/wp-json\/wp\/v2\/product_tag?post=13540"}],"curies":[{"name":"wp","href":"https:\/\/api.w.org\/{rel}","templated":true}]}}