{"id":13566,"date":"2024-11-28T20:00:24","date_gmt":"2024-11-28T20:00:24","guid":{"rendered":"https:\/\/b3group.lt\/shop\/be-kategorijos\/rexa-uni-v05a-t008-540-o\/"},"modified":"2025-03-26T10:20:51","modified_gmt":"2025-03-26T10:20:51","slug":"rexa-uni-v05a-t008-540-o","status":"publish","type":"product","link":"https:\/\/b3group.lt\/en\/product\/rexa-uni-v05a-t008-540-o\/","title":{"rendered":"Rexa UNI-V05A\/T008-540\/O"},"content":{"rendered":"<p>Submersible pump for stationary and transportable submersible installation in intermittent operation.<\/p>\n<p>For pumping in industrial applications:<\/p>\n<ul>\n<li>Wastewater with faeces<\/li>\n<li>waste water (with small amounts of sand and gravel):<\/li>\n<li>Waste water, slightly acidic, pH &gt; 4,5<\/li>\n<\/ul>\n<p><b>Wastewater pumping according to (DIN) EN 12050<\/b><\/p>\n<p>The pumps comply with EN 12050-1.<\/p>\n<p>Sewage pump with free-flow impeller and horizontal flange connection. Flange connection as universal flange with integrated fitting and flat gasket. Hydraulic casing and impeller in copolymer. 3~ motor with cooled surfaces with thermal motor control. Oil-filled sealing chamber with double seal. Stainless steel motor housing. Disconnectable connection cable with non-insulated end.<\/p>\n<p><!----><\/p>\n<div class=\"col\">\n<div class=\"card cl-card-table-simple h-100\"><!----><!----><\/p>\n<div>\n<table class=\"cl-table-simple\">\n<thead>\n<tr>\n<th colspan=\"2\">Hydraulic equipment data<\/th>\n<\/tr>\n<\/thead>\n<tbody><!----> <\/p>\n<tr>\n<td>Maximum working pressure <i>PN<\/i><\/td>\n<td><span>1 bar<\/span><\/td>\n<\/tr>\n<tr>\n<td>Type of hydraulic system<\/td>\n<td><span>Free-current impeller<\/span><\/td>\n<\/tr>\n<tr>\n<td>Free diameter of the hydraulics passage<\/td>\n<td><span>44 mm<\/span><\/td>\n<\/tr>\n<tr>\n<td>Large. Immersion depth<\/td>\n<td><span>7 m<\/span><\/td>\n<\/tr>\n<tr>\n<td>Min. operating temperature <i>T<\/i><sub>min<\/sub><\/td>\n<td><span>3 \u00b0C<\/span><\/td>\n<\/tr>\n<tr>\n<td>Max. Max. operating medium temperature <i>T<\/i><sub>max<\/sub><\/td>\n<td><span>40 \u00b0C<\/span><\/td>\n<\/tr>\n<tr>\n<td>Min. ambient temperature <i>T<\/i><sub>min<\/sub><\/td>\n<td><span>3 \u00b0C<\/span><\/td>\n<\/tr>\n<tr>\n<td>Max. Max. ambient temperature <i>T<\/i><sub>max<\/sub><\/td>\n<td><span>40 \u00b0C<\/span><\/td>\n<\/tr>\n<\/tbody>\n<\/table>\n<\/div>\n<p><!----><!----><\/div>\n<\/div>\n<div class=\"col\">\n<div class=\"card cl-card-table-simple h-100\"><!----><!----><\/p>\n<div>\n<table class=\"cl-table-simple\">\n<thead>\n<tr>\n<th colspan=\"2\">Engine data<\/th>\n<\/tr>\n<\/thead>\n<tbody><!----> <\/p>\n<tr>\n<td>Power supply voltage<\/td>\n<td><span>3~400 V, 50 Hz<\/span><\/td>\n<\/tr>\n<tr>\n<td>Voltage deviation<\/td>\n<td><span>\u00b110 %<\/span><\/td>\n<\/tr>\n<tr>\n<td>Power factor<\/td>\n<td><span>0,78<\/span><\/td>\n<\/tr>\n<tr>\n<td>Rated engine power <i>P<\/i><sub>2<\/sub><\/td>\n<td><span>0,75 kW<\/span><\/td>\n<\/tr>\n<tr>\n<td>Consumption power <i>P<\/i><sub>1 max<\/sub><\/td>\n<td><span>1030 W<\/span><\/td>\n<\/tr>\n<tr>\n<td>Rated current <i>I<\/i><sub>N<\/sub><\/td>\n<td><span>1,9 A<\/span><\/td>\n<\/tr>\n<tr>\n<td>Start-up current <i>I<\/i><\/td>\n<td><span>10,1 A<\/span><\/td>\n<\/tr>\n<tr>\n<td>Method of activation<\/td>\n<td><span>Direct on the network (DOL)<\/span><\/td>\n<\/tr>\n<tr>\n<td>Rated speed <i>n<\/i><\/td>\n<td><span>2840 1\/min<\/span><\/td>\n<\/tr>\n<tr>\n<td>Max. switching frequency <i>t<\/i><\/td>\n<td><span>60 1\/h<\/span><\/td>\n<\/tr>\n<tr>\n<td>Insulation class<\/td>\n<td><span>F<\/span><\/td>\n<\/tr>\n<tr>\n<td>Class of protection<\/td>\n<td><span>IP68<\/span><\/td>\n<\/tr>\n<tr>\n<td>Operating mode (submerged)<\/td>\n<td><span>S1<\/span><\/td>\n<\/tr>\n<tr>\n<td>Operating mode (not in operation)<\/td>\n<td><span>S3-10%, 60 s<\/span><\/td>\n<\/tr>\n<\/tbody>\n<\/table>\n<\/div>\n<p><!----><!----><\/div>\n<\/div>\n<div class=\"col\">\n<div class=\"card cl-card-table-simple h-100\"><!----><!----><\/p>\n<div>\n<table class=\"cl-table-simple\">\n<thead>\n<tr>\n<th colspan=\"2\">Cable<\/th>\n<\/tr>\n<\/thead>\n<tbody><!----> <\/p>\n<tr>\n<td>Connecting cable length<\/td>\n<td><span>10 m<\/span><\/td>\n<\/tr>\n<tr>\n<td>Cable type<\/td>\n<td><span>H07RN-F<\/span><\/td>\n<\/tr>\n<tr>\n<td>Cable cross-section<\/td>\n<td><span>6G1 mm\u00b2<\/span><\/td>\n<\/tr>\n<tr>\n<td>Network plug<\/td>\n<td><span>No<\/span><\/td>\n<\/tr>\n<tr>\n<td>Type of connecting cable<\/td>\n<td><span>Disconnecting<\/span><\/td>\n<\/tr>\n<\/tbody>\n<\/table>\n<\/div>\n<p><!----><!----><\/div>\n<\/div>\n<div class=\"col\">\n<div class=\"card cl-card-table-simple h-100\"><!----><!----><\/p>\n<div>\n<table class=\"cl-table-simple\">\n<thead>\n<tr>\n<th colspan=\"2\">Equipment\/function<\/th>\n<\/tr>\n<\/thead>\n<tbody><!----> <\/p>\n<tr>\n<td>Float switch<\/td>\n<td><span>No<\/span><\/td>\n<\/tr>\n<tr>\n<td>Explosion protection type<\/td>\n<td><span>&#8211;<\/span><\/td>\n<\/tr>\n<tr>\n<td>Engine protection<\/td>\n<td><span>Bimetal<\/span><\/td>\n<\/tr>\n<\/tbody>\n<\/table>\n<\/div>\n<p><!----><!----><\/div>\n<\/div>\n<div class=\"col\">\n<div class=\"card cl-card-table-simple h-100\"><!----><!----><\/p>\n<div>\n<table class=\"cl-table-simple\">\n<thead>\n<tr>\n<th colspan=\"2\">Materials<\/th>\n<\/tr>\n<\/thead>\n<tbody><!----> <\/p>\n<tr>\n<td>Pump casing<\/td>\n<td><span>PP-GF30<\/span><\/td>\n<\/tr>\n<tr>\n<td>Workbench<\/td>\n<td><span>PP-GF30<\/span><\/td>\n<\/tr>\n<tr>\n<td>Seal material on the pump side<\/td>\n<td><span>QQPGG<\/span><\/td>\n<\/tr>\n<tr>\n<td>Seal material on the engine side<\/td>\n<td><span>NBR<\/span><\/td>\n<\/tr>\n<tr>\n<td>Seal material<\/td>\n<td><span>NBR<\/span><\/td>\n<\/tr>\n<tr>\n<td>Engine material<\/td>\n<td><span>Stainless steel<\/span><\/td>\n<\/tr>\n<\/tbody>\n<\/table>\n<\/div>\n<p><!----><!----><\/div>\n<\/div>\n<div class=\"col\">\n<div class=\"card cl-card-table-simple h-100\"><!----><!----><\/p>\n<div>\n<table class=\"cl-table-simple\">\n<thead>\n<tr>\n<th colspan=\"2\">Installation dimensions<\/th>\n<\/tr>\n<\/thead>\n<tbody><!----> <\/p>\n<tr>\n<td>Pipe connection on the pressure side<\/td>\n<td><span>DN 50<\/span><\/td>\n<\/tr>\n<\/tbody>\n<\/table>\n<\/div>\n<p><!----><!----><\/div>\n<\/div>\n<ul>\n<li><strong><a href=\"https:\/\/cms.media.wilo.com\/dcidocpfinder\/wilo380026\/4317087\/wilo380026.pdf\"  target=\"_blank\" rel=\"noopener noreferrer\" >Instructions for installation and use<\/a><\/strong><\/li>\n<li><strong><a href=\"https:\/\/cms.media.wilo.com\/dcidocpfinder\/wilo189146\/1624926\/wilo189146.pdf\"  target=\"_blank\" rel=\"noopener noreferrer\" >REACH Regulation<\/a><\/strong><\/li>\n<\/ul>","protected":false},"excerpt":{"rendered":"<p>Panardinamasis siurblys stacionariam ir transportabiliam panardinamajam montavimui pertraukiamajame veikimo re\u017eime. Pumpavimui pramon\u0117s srityse: Nuotekos su fekalijomis nutekamieji vandenys (su nedideliu kiekiu sm\u0117lio ir \u017evyro): Nutekam\u0173j\u0173 [&hellip;]<\/p>","protected":false},"featured_media":13470,"template":"","meta":{"content-type":"","site-sidebar-layout":"","site-content-layout":"","ast-site-content-layout":"","site-content-style":"","site-sidebar-style":"","ast-global-header-display":"","ast-banner-title-visibility":"","ast-main-header-display":"","ast-hfb-above-header-display":"","ast-hfb-below-header-display":"","ast-hfb-mobile-header-display":"","site-post-title":"","ast-breadcrumbs-content":"","ast-featured-img":"","footer-sml-layout":"","ast-disable-related-posts":"","theme-transparent-header-meta":"","adv-header-id-meta":"","stick-header-meta":"","header-above-stick-meta":"","header-main-stick-meta":"","header-below-stick-meta":"","astra-migrate-meta-layouts":"","ast-page-background-enabled":"default","ast-page-background-meta":{"desktop":{"background-color":"var(--ast-global-color-4)","background-image":"","background-repeat":"repeat","background-position":"center center","background-size":"auto","background-attachment":"scroll","background-type":"","background-media":"","overlay-type":"","overlay-color":"","overlay-opacity":"","overlay-gradient":""},"tablet":{"background-color":"","background-image":"","background-repeat":"repeat","background-position":"center center","background-size":"auto","background-attachment":"scroll","background-type":"","background-media":"","overlay-type":"","overlay-color":"","overlay-opacity":"","overlay-gradient":""},"mobile":{"background-color":"","background-image":"","background-repeat":"repeat","background-position":"center center","background-size":"auto","background-attachment":"scroll","background-type":"","background-media":"","overlay-type":"","overlay-color":"","overlay-opacity":"","overlay-gradient":""}},"ast-content-background-meta":{"desktop":{"background-color":"var(--ast-global-color-5)","background-image":"","background-repeat":"repeat","background-position":"center center","background-size":"auto","background-attachment":"scroll","background-type":"","background-media":"","overlay-type":"","overlay-color":"","overlay-opacity":"","overlay-gradient":""},"tablet":{"background-color":"var(--ast-global-color-5)","background-image":"","background-repeat":"repeat","background-position":"center center","background-size":"auto","background-attachment":"scroll","background-type":"","background-media":"","overlay-type":"","overlay-color":"","overlay-opacity":"","overlay-gradient":""},"mobile":{"background-color":"var(--ast-global-color-5)","background-image":"","background-repeat":"repeat","background-position":"center center","background-size":"auto","background-attachment":"scroll","background-type":"","background-media":"","overlay-type":"","overlay-color":"","overlay-opacity":"","overlay-gradient":""}}},"product_brand":[],"product_cat":[730],"product_tag":[725],"class_list":{"0":"post-13566","1":"product","2":"type-product","3":"status-publish","4":"has-post-thumbnail","6":"product_cat-siurbliai","7":"product_tag-wilo","8":"desktop-align-left","9":"tablet-align-left","10":"mobile-align-left","11":"ast-product-gallery-layout-vertical","12":"ast-product-gallery-with-no-image","13":"ast-magnify-disabled","14":"ast-product-tabs-layout-accordion","16":"first","17":"onbackorder","18":"taxable","19":"shipping-taxable","20":"purchasable","21":"product-type-simple"},"_links":{"self":[{"href":"https:\/\/b3group.lt\/en\/wp-json\/wp\/v2\/product\/13566","targetHints":{"allow":["GET"]}}],"collection":[{"href":"https:\/\/b3group.lt\/en\/wp-json\/wp\/v2\/product"}],"about":[{"href":"https:\/\/b3group.lt\/en\/wp-json\/wp\/v2\/types\/product"}],"wp:featuredmedia":[{"embeddable":true,"href":"https:\/\/b3group.lt\/en\/wp-json\/wp\/v2\/media\/13470"}],"wp:attachment":[{"href":"https:\/\/b3group.lt\/en\/wp-json\/wp\/v2\/media?parent=13566"}],"wp:term":[{"taxonomy":"product_brand","embeddable":true,"href":"https:\/\/b3group.lt\/en\/wp-json\/wp\/v2\/product_brand?post=13566"},{"taxonomy":"product_cat","embeddable":true,"href":"https:\/\/b3group.lt\/en\/wp-json\/wp\/v2\/product_cat?post=13566"},{"taxonomy":"product_tag","embeddable":true,"href":"https:\/\/b3group.lt\/en\/wp-json\/wp\/v2\/product_tag?post=13566"}],"curies":[{"name":"wp","href":"https:\/\/api.w.org\/{rel}","templated":true}]}}