{"id":13593,"date":"2024-11-28T20:00:44","date_gmt":"2024-11-28T20:00:44","guid":{"rendered":"https:\/\/b3group.lt\/shop\/be-kategorijos\/drainlift-ws-40d-basic-mini3-v04-m06-523\/"},"modified":"2025-03-26T10:20:54","modified_gmt":"2025-03-26T10:20:54","slug":"drainlift-ws-40d-basic-mini3-v04-m06-523","status":"publish","type":"product","link":"https:\/\/b3group.lt\/en\/product\/drainlift-ws-40d-basic-mini3-v04-m06-523\/","title":{"rendered":"DrainLift WS 40D BASIC\/MINI3 V04\/M06-523"},"content":{"rendered":"<p>Plastic shaft as a submersible pump unit. For installation underground or in buildings.<\/p>\n<\/p>\n<p><b>Medium<\/b><\/p>\n<p>For collection and pumping in the commercial sector:<\/p>\n<ul>\n<li>Sewage without faeces<\/li>\n<\/ul>\n<p><b>Wastewater pumping according to 12050<\/b><\/p>\n<p>The pump shaft with the specified pump complies with EN 12050-2.<\/p>\n<\/p>\n<p><b>Construction<\/b><\/p>\n<\/p>\n<p><b>Shaft<\/b><\/p>\n<p>Pump shaft with optimised geometry for sediment-free operation. The ribbed shaft body ensures high dimensional stability and operational safety. The influences are freely selectable. Two transport arms are integrated to secure the lifting device. The upward-convex shaft cover can be walked on and has a maximum load capacity of 200 kg. The pump shaft is equipped with a floor mount for installation in buildings.<\/p>\n<\/p>\n<p><b>Pipeline<\/b><\/p>\n<ul>\n<li>Pressure pipe with threaded connection on pump side<\/li>\n<li>For more information see<\/li>\n<li>Check valve<\/li>\n<\/ul>\n<p><b>Pump<\/b><\/p>\n<p>Sewage submersible motor pump for single phase AC connection. Pumped medium-cooled motor with thermal motor protection (self-starting) and plug.<\/p>\n<\/p>\n<p><b>Level adjustment function<\/b><\/p>\n<p>The level is controlled by a level sensor and controller.<\/p>\n<\/p>\n<p><b>Supply kit<\/b><\/p>\n<ul>\n<li>Plastic shaft with built-in pipeline, pump and level control function\n<ul>\n<li>Pipeline with gate valve and non-return valve<\/li>\n<li>pump with plug<\/li>\n<li>Controller with level sensor and plug<\/li>\n<\/ul>\n<\/li>\n<li>Manhole cover with seal<\/li>\n<li>HT double sleeve for 50 mm (2 in) outlet connection<\/li>\n<li>Tool kit with circular saw 124 mm (5 in) and seal DN 100<\/li>\n<li>Floor fixing<\/li>\n<li>Instructions for installation and use<\/li>\n<\/ul>\n<p><!----><\/p>\n<div class=\"col\">\n<div class=\"card cl-card-table-simple h-100\"><!----><!----><\/p>\n<div>\n<table class=\"cl-table-simple\">\n<thead>\n<tr>\n<th colspan=\"2\">Hydraulic equipment data<\/th>\n<\/tr>\n<\/thead>\n<tbody><!----> <\/p>\n<tr>\n<td>Maximum working pressure <i>PN<\/i><\/td>\n<td><span>1 bar<\/span><\/td>\n<\/tr>\n<tr>\n<td>Min. operating temperature <i>T<\/i><sub>min<\/sub><\/td>\n<td><span>3 \u00b0C<\/span><\/td>\n<\/tr>\n<tr>\n<td>Max. Max. operating medium temperature <i>T<\/i><sub>max<\/sub><\/td>\n<td><span>40 \u00b0C<\/span><\/td>\n<\/tr>\n<tr>\n<td>Min. ambient temperature <i>T<\/i><sub>min<\/sub><\/td>\n<td><span>3 \u00b0C<\/span><\/td>\n<\/tr>\n<tr>\n<td>Max. Max. ambient temperature <i>T<\/i><sub>max<\/sub><\/td>\n<td><span>40 \u00b0C<\/span><\/td>\n<\/tr>\n<tr>\n<td>Determinable volume <i>V<\/i><\/td>\n<td><span>160 l<\/span><\/td>\n<\/tr>\n<tr>\n<td>Shredder<\/td>\n<td><span>No<\/span><\/td>\n<\/tr>\n<\/tbody>\n<\/table>\n<\/div>\n<p><!----><!----><\/div>\n<\/div>\n<div class=\"col\">\n<div class=\"card cl-card-table-simple h-100\"><!----><!----><\/p>\n<div>\n<table class=\"cl-table-simple\">\n<thead>\n<tr>\n<th colspan=\"2\">Engine data<\/th>\n<\/tr>\n<\/thead>\n<tbody><!----> <\/p>\n<tr>\n<td>Power supply voltage<\/td>\n<td><span>1~230 V, 50 Hz<\/span><\/td>\n<\/tr>\n<tr>\n<td>Rated current <i>I<\/i><sub>N<\/sub><\/td>\n<td><span>4,1 A<\/span><\/td>\n<\/tr>\n<tr>\n<td>Class of protection<\/td>\n<td><span>IP68<\/span><\/td>\n<\/tr>\n<tr>\n<td>Phase<\/td>\n<td><span>1<\/span><\/td>\n<\/tr>\n<tr>\n<td>Rated speed <i>n<\/i><\/td>\n<td><span>2900 1\/min<\/span><\/td>\n<\/tr>\n<tr>\n<td>Number of poles<\/td>\n<td><span>2<\/span><\/td>\n<\/tr>\n<tr>\n<td>Method of activation<\/td>\n<td><span>Direct on the network (DOL)<\/span><\/td>\n<\/tr>\n<tr>\n<td>Max. switching frequency <i>t<\/i><\/td>\n<td><span>30 1\/h<\/span><\/td>\n<\/tr>\n<tr>\n<td>Power consumption P1 (Q=max) according to the selected number of pumps in the impeller * <i>P1<\/i><\/td>\n<td><span>930 W<\/span><\/td>\n<\/tr>\n<tr>\n<td>Operating mode (not in operation)<\/td>\n<td><span>S3-20%<\/span><\/td>\n<\/tr>\n<tr>\n<td>Insulation class<\/td>\n<td><span>F<\/span><\/td>\n<\/tr>\n<\/tbody>\n<\/table>\n<\/div>\n<p><!----><!----><\/div>\n<\/div>\n<div class=\"col\">\n<div class=\"card cl-card-table-simple h-100\"><!----><!----><\/p>\n<div>\n<table class=\"cl-table-simple\">\n<thead>\n<tr>\n<th colspan=\"2\">Materials<\/th>\n<\/tr>\n<\/thead>\n<tbody><!----> <\/p>\n<tr>\n<td>Pump casing<\/td>\n<td><span>Ketus<\/span><\/td>\n<\/tr>\n<tr>\n<td>Workbench<\/td>\n<td><span>PK-GF30<\/span><\/td>\n<\/tr>\n<tr>\n<td>Velen<\/td>\n<td><span>Stainless steel<\/span><\/td>\n<\/tr>\n<tr>\n<td>Engine material<\/td>\n<td><span>Stainless steel<\/span><\/td>\n<\/tr>\n<\/tbody>\n<\/table>\n<\/div>\n<p><!----><!----><\/div>\n<\/div>\n<div class=\"col\">\n<div class=\"card cl-card-table-simple h-100\"><!----><!----><\/p>\n<div>\n<table class=\"cl-table-simple\">\n<thead>\n<tr>\n<th colspan=\"2\">Installation dimensions<\/th>\n<\/tr>\n<\/thead>\n<tbody><!----> <\/p>\n<tr>\n<td>Pipe connection on the suction side<\/td>\n<td><span>&#8211;<\/span><\/td>\n<\/tr>\n<tr>\n<td>Pipe connection on the pressure side<\/td>\n<td><span>G 1\u00bd<\/span><\/td>\n<\/tr>\n<\/tbody>\n<\/table>\n<\/div>\n<p><!----><!----><\/div>\n<\/div>\n<ul>\n<li><strong><a href=\"https:\/\/cms.media.wilo.com\/dcidocpfinder\/wilo629252\/7934888\/wilo629252.pdf\"  target=\"_blank\" rel=\"noopener noreferrer\" >Instructions for installation and use<\/a><\/strong><\/li>\n<li><strong><a href=\"https:\/\/cms.media.wilo.com\/dcidocpfinder\/wilo189146\/1624926\/wilo189146.pdf\"  target=\"_blank\" rel=\"noopener noreferrer\" >REACH Regulation<\/a><\/strong><\/li>\n<\/ul>","protected":false},"excerpt":{"rendered":"<p>Plastikin\u0117 \u0161achta kaip sudvejinto siurblio \u012frenginys. Skirta montuoti po \u017eeme arba pastatuose. Terp\u0117 Rinkimui ir pumpavimui komerciniame sektoriuje: Nuotekos be fekalij\u0173 Nuotek\u0173 pumpavimas pagal&nbsp;12050 Siurblio [&hellip;]<\/p>","protected":false},"featured_media":14006,"template":"","meta":{"content-type":"","site-sidebar-layout":"default","site-content-layout":"","ast-site-content-layout":"default","site-content-style":"default","site-sidebar-style":"default","ast-global-header-display":"","ast-banner-title-visibility":"","ast-main-header-display":"","ast-hfb-above-header-display":"","ast-hfb-below-header-display":"","ast-hfb-mobile-header-display":"","site-post-title":"","ast-breadcrumbs-content":"","ast-featured-img":"","footer-sml-layout":"","ast-disable-related-posts":"","theme-transparent-header-meta":"default","adv-header-id-meta":"","stick-header-meta":"default","header-above-stick-meta":"","header-main-stick-meta":"","header-below-stick-meta":"","astra-migrate-meta-layouts":"set","ast-page-background-enabled":"default","ast-page-background-meta":{"desktop":{"background-color":"var(--ast-global-color-4)","background-image":"","background-repeat":"repeat","background-position":"center center","background-size":"auto","background-attachment":"scroll","background-type":"","background-media":"","overlay-type":"","overlay-color":"","overlay-opacity":"","overlay-gradient":""},"tablet":{"background-color":"","background-image":"","background-repeat":"repeat","background-position":"center center","background-size":"auto","background-attachment":"scroll","background-type":"","background-media":"","overlay-type":"","overlay-color":"","overlay-opacity":"","overlay-gradient":""},"mobile":{"background-color":"","background-image":"","background-repeat":"repeat","background-position":"center center","background-size":"auto","background-attachment":"scroll","background-type":"","background-media":"","overlay-type":"","overlay-color":"","overlay-opacity":"","overlay-gradient":""}},"ast-content-background-meta":{"desktop":{"background-color":"var(--ast-global-color-5)","background-image":"","background-repeat":"repeat","background-position":"center center","background-size":"auto","background-attachment":"scroll","background-type":"","background-media":"","overlay-type":"","overlay-color":"","overlay-opacity":"","overlay-gradient":""},"tablet":{"background-color":"var(--ast-global-color-5)","background-image":"","background-repeat":"repeat","background-position":"center center","background-size":"auto","background-attachment":"scroll","background-type":"","background-media":"","overlay-type":"","overlay-color":"","overlay-opacity":"","overlay-gradient":""},"mobile":{"background-color":"var(--ast-global-color-5)","background-image":"","background-repeat":"repeat","background-position":"center center","background-size":"auto","background-attachment":"scroll","background-type":"","background-media":"","overlay-type":"","overlay-color":"","overlay-opacity":"","overlay-gradient":""}}},"product_brand":[],"product_cat":[730],"product_tag":[725],"class_list":{"0":"post-13593","1":"product","2":"type-product","3":"status-publish","4":"has-post-thumbnail","6":"product_cat-siurbliai","7":"product_tag-wilo","8":"desktop-align-left","9":"tablet-align-left","10":"mobile-align-left","11":"ast-product-gallery-layout-vertical","12":"ast-product-gallery-with-no-image","13":"ast-magnify-disabled","14":"ast-product-tabs-layout-accordion","16":"first","17":"onbackorder","18":"taxable","19":"shipping-taxable","20":"purchasable","21":"product-type-simple"},"_links":{"self":[{"href":"https:\/\/b3group.lt\/en\/wp-json\/wp\/v2\/product\/13593","targetHints":{"allow":["GET"]}}],"collection":[{"href":"https:\/\/b3group.lt\/en\/wp-json\/wp\/v2\/product"}],"about":[{"href":"https:\/\/b3group.lt\/en\/wp-json\/wp\/v2\/types\/product"}],"wp:featuredmedia":[{"embeddable":true,"href":"https:\/\/b3group.lt\/en\/wp-json\/wp\/v2\/media\/14006"}],"wp:attachment":[{"href":"https:\/\/b3group.lt\/en\/wp-json\/wp\/v2\/media?parent=13593"}],"wp:term":[{"taxonomy":"product_brand","embeddable":true,"href":"https:\/\/b3group.lt\/en\/wp-json\/wp\/v2\/product_brand?post=13593"},{"taxonomy":"product_cat","embeddable":true,"href":"https:\/\/b3group.lt\/en\/wp-json\/wp\/v2\/product_cat?post=13593"},{"taxonomy":"product_tag","embeddable":true,"href":"https:\/\/b3group.lt\/en\/wp-json\/wp\/v2\/product_tag?post=13593"}],"curies":[{"name":"wp","href":"https:\/\/api.w.org\/{rel}","templated":true}]}}