{"id":14848,"date":"2025-02-19T09:54:36","date_gmt":"2025-02-19T09:54:36","guid":{"rendered":"https:\/\/b3group.lt\/?post_type=product&#038;p=14848"},"modified":"2025-07-10T19:21:32","modified_gmt":"2025-07-10T19:21:32","slug":"pe100-rc-type-1-2","status":"publish","type":"product","link":"https:\/\/b3group.lt\/en\/product\/pe100-rc-type-1-2\/","title":{"rendered":"PE100-RC Type 1"},"content":{"rendered":"<p>\u017daliava: PE100-RC<br \/>\nVamzd\u017eio tipas: 1 tipas<br \/>\nStandard: EN12201 - 2 : 2011+A1:2013<br \/>\nPlastikiniai vamzd\u017eiai skirti sl\u0117gimin\u0117ms nuotekoms, drena\u017eo tinklui ir savotekinei kanalizacijai.<\/p>","protected":false},"excerpt":{"rendered":"<p>Pressure-type PE plastic pipes for pressurised wastewater, drainage network and wastewater sewerage.<\/p>\n<p>Free delivery from 100 Eur<\/p>","protected":false},"featured_media":14843,"template":"","meta":{"content-type":"","site-sidebar-layout":"default","site-content-layout":"","ast-site-content-layout":"default","site-content-style":"default","site-sidebar-style":"default","ast-global-header-display":"","ast-banner-title-visibility":"","ast-main-header-display":"","ast-hfb-above-header-display":"","ast-hfb-below-header-display":"","ast-hfb-mobile-header-display":"","site-post-title":"","ast-breadcrumbs-content":"","ast-featured-img":"","footer-sml-layout":"","ast-disable-related-posts":"","theme-transparent-header-meta":"default","adv-header-id-meta":"","stick-header-meta":"default","header-above-stick-meta":"","header-main-stick-meta":"","header-below-stick-meta":"","astra-migrate-meta-layouts":"set","ast-page-background-enabled":"default","ast-page-background-meta":{"desktop":{"background-color":"var(--ast-global-color-4)","background-image":"","background-repeat":"repeat","background-position":"center center","background-size":"auto","background-attachment":"scroll","background-type":"","background-media":"","overlay-type":"","overlay-color":"","overlay-opacity":"","overlay-gradient":""},"tablet":{"background-color":"","background-image":"","background-repeat":"repeat","background-position":"center center","background-size":"auto","background-attachment":"scroll","background-type":"","background-media":"","overlay-type":"","overlay-color":"","overlay-opacity":"","overlay-gradient":""},"mobile":{"background-color":"","background-image":"","background-repeat":"repeat","background-position":"center center","background-size":"auto","background-attachment":"scroll","background-type":"","background-media":"","overlay-type":"","overlay-color":"","overlay-opacity":"","overlay-gradient":""}},"ast-content-background-meta":{"desktop":{"background-color":"var(--ast-global-color-5)","background-image":"","background-repeat":"repeat","background-position":"center center","background-size":"auto","background-attachment":"scroll","background-type":"","background-media":"","overlay-type":"","overlay-color":"","overlay-opacity":"","overlay-gradient":""},"tablet":{"background-color":"var(--ast-global-color-5)","background-image":"","background-repeat":"repeat","background-position":"center center","background-size":"auto","background-attachment":"scroll","background-type":"","background-media":"","overlay-type":"","overlay-color":"","overlay-opacity":"","overlay-gradient":""},"mobile":{"background-color":"var(--ast-global-color-5)","background-image":"","background-repeat":"repeat","background-position":"center center","background-size":"auto","background-attachment":"scroll","background-type":"","background-media":"","overlay-type":"","overlay-color":"","overlay-opacity":"","overlay-gradient":""}}},"product_brand":[],"product_cat":[78],"product_tag":[],"class_list":{"0":"post-14848","1":"product","2":"type-product","3":"status-publish","4":"has-post-thumbnail","6":"product_cat-slegiminiai-nuoteku-vamzdziai-pe","7":"desktop-align-left","8":"tablet-align-left","9":"mobile-align-left","10":"ast-product-gallery-layout-vertical","11":"ast-magnify-disabled","12":"ast-product-tabs-layout-accordion","14":"first","15":"instock","16":"taxable","17":"shipping-taxable","18":"purchasable","19":"product-type-simple"},"_links":{"self":[{"href":"https:\/\/b3group.lt\/en\/wp-json\/wp\/v2\/product\/14848","targetHints":{"allow":["GET"]}}],"collection":[{"href":"https:\/\/b3group.lt\/en\/wp-json\/wp\/v2\/product"}],"about":[{"href":"https:\/\/b3group.lt\/en\/wp-json\/wp\/v2\/types\/product"}],"wp:featuredmedia":[{"embeddable":true,"href":"https:\/\/b3group.lt\/en\/wp-json\/wp\/v2\/media\/14843"}],"wp:attachment":[{"href":"https:\/\/b3group.lt\/en\/wp-json\/wp\/v2\/media?parent=14848"}],"wp:term":[{"taxonomy":"product_brand","embeddable":true,"href":"https:\/\/b3group.lt\/en\/wp-json\/wp\/v2\/product_brand?post=14848"},{"taxonomy":"product_cat","embeddable":true,"href":"https:\/\/b3group.lt\/en\/wp-json\/wp\/v2\/product_cat?post=14848"},{"taxonomy":"product_tag","embeddable":true,"href":"https:\/\/b3group.lt\/en\/wp-json\/wp\/v2\/product_tag?post=14848"}],"curies":[{"name":"wp","href":"https:\/\/api.w.org\/{rel}","templated":true}]}}